{"id":1374,"date":"2020-11-13T19:47:02","date_gmt":"2020-11-13T19:47:02","guid":{"rendered":"https:\/\/sunrisehomes.es\/index.php\/avis-juridique\/"},"modified":"2020-11-13T19:47:02","modified_gmt":"2020-11-13T19:47:02","slug":"avis-juridique","status":"publish","type":"page","link":"https:\/\/sunrisehomes.es\/index.php\/avis-juridique\/?lang=fr","title":{"rendered":"Avis juridique"},"content":{"rendered":"\n<h2 class=\"wp-block-heading\">Mentions l\u00e9gales et conditions d&#8217;utilisation<\/h2>\n\n<p>Dans cet espace, l&#8217;UTILISATEUR pourra trouver toutes les informations relatives aux conditions l\u00e9gales qui d\u00e9finissent les relations entre les utilisateurs et nous en tant que responsables de ce site. En tant qu&#8217;utilisateur, il est important que vous connaissiez ces conditions avant de poursuivre votre navigation. Marc Lacroix et Ivan David Lacroix.En tant que responsables de ce site, ils assument l&#8217;engagement de traiter les informations de nos utilisateurs et clients avec toutes les garanties et de se conformer aux exigences nationales et europ\u00e9ennes qui r\u00e9gissent la collecte et l&#8217;utilisation des donn\u00e9es personnelles de nos utilisateurs . Ce site est donc strictement conforme au RGPD (R\u00c8GLEMENT (UE) 2016\/679 sur la protection des donn\u00e9es) et \u00e0 la loi LSSI-CE 34\/2002 du 11 juillet sur les services de la soci\u00e9t\u00e9 de l&#8217;information et Commerce \u00e9lectronique.<\/p>\n\n<h3 class=\"wp-block-heading\">CONDITIONS GENERALES D&#8217;UTILISATION<\/h3>\n\n<p>Les pr\u00e9sentes conditions g\u00e9n\u00e9rales r\u00e9gissent l&#8217;utilisation (y compris le simple acc\u00e8s) des pages Web, des membres du site https:\/\/sunrisehomes.es, y compris les contenus et services mis \u00e0 disposition. Toute personne qui acc\u00e8de au web, https:\/\/sunrisehomes.es (\u00abUtilisateur\u00bb) accepte de se soumettre aux Conditions G\u00e9n\u00e9rales en vigueur \u00e0 tout moment du portail https:\/\/sunrisehomes.es<\/p>\n\n<h3 class=\"wp-block-heading\">DONN\u00c9ES PERSONNELLES QUE NOUS COLLECTONS ET COMMENT NOUS LE FAISONS<\/h3>\n\n<p><p>Lire politique de privacit\u00e9<\/p><\/p>\n\n<h3 class=\"wp-block-heading\">ENGAGEMENTS ET OBLIGATIONS DES UTILISATEURS<\/h3>\n\n<p><p>L&#8217;Utilisateur est inform\u00e9 et accepte que l&#8217;acc\u00e8s \u00e0 ce site n&#8217;implique en aucune mani\u00e8re le d\u00e9but d&#8217;une relation commerciale avec https:\/\/sunrisehomes.es. De cette mani\u00e8re, l&#8217;utilisateur s&#8217;engage \u00e0 utiliser le site, ses services et son contenu sans enfreindre la l\u00e9gislation en vigueur, la bonne foi et l&#8217;ordre public.<br\/>L&#8217;utilisation du site Web, \u00e0 des fins illicites ou pr\u00e9judiciables, ou qui, de quelque mani\u00e8re que ce soit, peut causer des dommages ou emp\u00eacher le fonctionnement normal du site Web est interdite. En ce qui concerne le contenu de ce site, il est interdit: sa reproduction, distribution ou modification, en tout ou en partie, sauf s&#8217;il a l&#8217;autorisation de ses propri\u00e9taires l\u00e9gitimes; toute violation des droits du fournisseur ou des propri\u00e9taires l\u00e9gitimes; son utilisation \u00e0 des fins commerciales ou publicitaires.<\/p>&#13;\n<p>Lors de l&#8217;utilisation du site Web, https:\/\/sunrisehomes.es, l&#8217;Utilisateur s&#8217;engage \u00e0 ne mener aucun comportement qui pourrait porter atteinte \u00e0 l&#8217;image, aux int\u00e9r\u00eats et aux droits de https:\/\/sunrisehomes.es ou de tiers ou que pourrait endommager, d\u00e9sactiver ou surcharger le portail (indiquer le domaine) ou emp\u00eacher, de quelque mani\u00e8re que ce soit, l&#8217;utilisation normale du site Web. Cependant, l&#8217;Utilisateur doit \u00eatre conscient que les mesures de s\u00e9curit\u00e9 des syst\u00e8mes informatiques sur Internet ne sont pas enti\u00e8rement fiables et que, par cons\u00e9quent, https:\/\/sunrisehomes.es ne peut garantir l&#8217;absence de virus ou autres \u00e9l\u00e9ments susceptibles d&#8217;entra\u00eener des alt\u00e9rations. dans les syst\u00e8mes informatiques (logiciels et mat\u00e9riels) de l&#8217;Utilisateur ou dans leurs documents et fichiers \u00e9lectroniques qu&#8217;ils contiennent.<\/p><\/p>\n\n<h3 class=\"wp-block-heading\">MESURES DE S\u00c9CURIT\u00c9<\/h3>\n\n<p><p>Les donn\u00e9es personnelles communiqu\u00e9es par l&#8217;utilisateur \u00e0 https:\/\/sunrisehomes.es peuvent ou non \u00eatre stock\u00e9es dans des bases de donn\u00e9es automatis\u00e9es, dont la propri\u00e9t\u00e9 correspond exclusivement \u00e0 https:\/\/sunrisehomes.es, en assumant toutes les mesures techniques et organisationnelles. et une s\u00e9curit\u00e9 garantissant la confidentialit\u00e9, l&#8217;int\u00e9grit\u00e9 et la qualit\u00e9 des informations qui y sont contenues conform\u00e9ment aux dispositions de la r\u00e9glementation en vigueur sur la protection des donn\u00e9es.<br\/>La communication entre les utilisateurs et https:\/\/sunrisehomes.es utilise un canal s\u00e9curis\u00e9, et les donn\u00e9es transmises sont crypt\u00e9es gr\u00e2ce aux protocoles https, par cons\u00e9quent, nous garantissons les meilleures conditions de s\u00e9curit\u00e9 afin que la confidentialit\u00e9 des utilisateurs soit garantie.<\/p><\/p>\n\n<h3 class=\"wp-block-heading\">RECLAMATIONS<\/h3>\n\n<p><p>https:\/\/sunrisehomes.es informe qu&#8217;il existe des feuilles de r\u00e9clamation disponibles pour les utilisateurs et les clients. L&#8217;Utilisateur peut faire des r\u00e9clamations en sollicitant son formulaire de r\u00e9clamation ou en envoyant un email \u00e0 info@sunrisehomes.es en indiquant ses nom et pr\u00e9nom, le service et \/ ou produit achet\u00e9 et en pr\u00e9cisant les raisons de sa r\u00e9clamation.<\/p>&#13;\n<p>L&#8217;utilisateur \/ acheteur peut nous notifier la r\u00e9clamation, soit par e-mail \u00e0: info@sunrisehomes.es, s&#8217;il le souhaite en joignant le formulaire de r\u00e9clamation suivant: Le service \/ produit: Acquis le jour: Nom d&#8217;utilisateur: Adresse de l&#8217;utilisateur: Signature de l&#8217;utilisateur (uniquement si pr\u00e9sent\u00e9e sur papier): Date: Motif de la r\u00e9clamation:<\/p><\/p>\n\n<h3 class=\"wp-block-heading\">PLATEFORME DE R\u00c9SOLUTION DES DIFF\u00c9RENDS<\/h3>\n\n<p><p>Au cas o\u00f9 cela pourrait vous int\u00e9resser, pour soumettre vos r\u00e9clamations, vous pouvez \u00e9galement utiliser la plate-forme de r\u00e9solution des litiges fournie par la Commission europ\u00e9enne et disponible sur le lien suivant: http:\/\/ec.europa.eu\/consumers\/odr\/<\/p><\/p>\n\n<h3 class=\"wp-block-heading\">DROITS DE PROPRI\u00c9T\u00c9 INTELLECTUELLE ET INDUSTRIELLE<\/h3>\n\n<p><p>En vertu des dispositions des articles 8 et 32.1, deuxi\u00e8me alin\u00e9a, de la Loi sur la Propri\u00e9t\u00e9 Intellectuelle, la reproduction, la distribution et la communication publique, y compris le mode de mise \u00e0 disposition, de tout ou partie des donn\u00e9es sont express\u00e9ment interdites. contenu de cette page Web, \u00e0 des fins commerciales, sur tout support et par tout moyen technique, sans l&#8217;autorisation de https:\/\/sunrisehomes.es. L&#8217;utilisateur s&#8217;engage \u00e0 respecter les droits de propri\u00e9t\u00e9 intellectuelle et industrielle appartenant \u00e0 https:\/\/sunrisehomes.es.<br\/>L&#8217;utilisateur sait et accepte que l&#8217;ensemble du site Web, contenant sans caract\u00e8re exhaustif le texte, le logiciel, le contenu (y compris la structure, la s\u00e9lection, l&#8217;agencement et la pr\u00e9sentation de celui-ci), le podcast, les photographies, le mat\u00e9riel audiovisuel et les graphiques, est prot\u00e9g\u00e9 par des marques, des droits droit d&#8217;auteur et autres droits l\u00e9gitimes, conform\u00e9ment aux trait\u00e9s internationaux auxquels l&#8217;Espagne est partie et aux autres droits de propri\u00e9t\u00e9 et lois espagnoles. Dans le cas o\u00f9 un utilisateur ou un tiers consid\u00e8re qu&#8217;il y a eu violation de ses droits l\u00e9gitimes de propri\u00e9t\u00e9 intellectuelle en raison de l&#8217;introduction de certains contenus sur le web, ils doivent notifier cette circonstance \u00e0 https:\/\/sunrisehomes.es en indiquant:<\/p><\/p>\n\n<ul class=\"wp-block-list\"><li>Les donn\u00e9es personnelles de l&#8217;int\u00e9ress\u00e9 qui d\u00e9tient les droits pr\u00e9tendument viol\u00e9s, ou indiquent la repr\u00e9sentation avec laquelle il agit dans le cas o\u00f9 la r\u00e9clamation est pr\u00e9sent\u00e9e par un tiers autre que l&#8217;int\u00e9ress\u00e9.<\/li><li>Indiquer les contenus prot\u00e9g\u00e9s par les droits de propri\u00e9t\u00e9 intellectuelle et leur emplacement sur le web, l&#8217;accr\u00e9ditation des droits de propri\u00e9t\u00e9 intellectuelle indiqu\u00e9s et une d\u00e9claration expresse dans laquelle l&#8217;int\u00e9ress\u00e9 est responsable de la v\u00e9racit\u00e9 des informations fournies dans la notification<\/li><\/ul>\n\n<h3 class=\"wp-block-heading\">LIENS EXTERNES<\/h3>\n\n<p><p>Les pages du site Web https:\/\/sunrisehomes.es peuvent fournir des liens vers d&#8217;autres sites Web et contenus appartenant \u00e0 des tiers. Le seul but des liens est de fournir \u00e0 l&#8217;Utilisateur la possibilit\u00e9 d&#8217;acc\u00e9der auxdits liens. https:\/\/sunrisehomes.es n&#8217;est en aucun cas responsable des r\u00e9sultats qui pourraient \u00eatre d\u00e9riv\u00e9s \u00e0 l&#8217;utilisateur en acc\u00e9dant auxdits liens.<br\/>De m\u00eame, l&#8217;utilisateur trouvera dans ce site, des pages, des promotions, des programmes d&#8217;affiliation qui acc\u00e8dent aux habitudes de navigation des utilisateurs pour \u00e9tablir des profils. Ces informations sont toujours anonymes et l&#8217;utilisateur n&#8217;est pas identifi\u00e9.<\/p>&#13;\n<p>Les informations fournies sur ces sites sponsoris\u00e9s ou liens d&#8217;affiliation sont soumises aux politiques de confidentialit\u00e9 utilis\u00e9es sur ces sites et ne seront pas soumises \u00e0 cette politique de confidentialit\u00e9. Par cons\u00e9quent, nous recommandons vivement aux utilisateurs de lire attentivement les politiques de confidentialit\u00e9 des liens d&#8217;affiliation.<br\/>L&#8217;Utilisateur qui entend \u00e9tablir tout dispositif de lien technique de son site internet vers le portail https:\/\/sunrisehomes.es doit obtenir l&#8217;autorisation \u00e9crite pr\u00e9alable de https:\/\/sunrisehomes.es La mise en place du lien n&#8217;implique en aucun cas l&#8217;existence des relations entre https:\/\/sunrisehomes.es et le propri\u00e9taire du site o\u00f9 le lien est \u00e9tabli, ni l&#8217;acceptation ou l&#8217;approbation par https:\/\/sunrisehomes.es de ses contenus ou services<\/p><\/p>\n\n<h3 class=\"wp-block-heading\">POLITIQUE DE COMMENTAIRES<\/h3>\n\n<p><p>Les commentaires sont autoris\u00e9s sur notre site Web pour enrichir le contenu et faire des demandes de renseignements. Les commentaires qui ne sont pas li\u00e9s au th\u00e8me de ce site Web, qui incluent des diffamations, des griefs, des insultes, des attaques personnelles ou un manque de respect en g\u00e9n\u00e9ral envers l&#8217;auteur ou d&#8217;autres membres ne seront pas accept\u00e9s. Les commentaires contenant des informations manifestement trompeuses ou fausses seront \u00e9galement supprim\u00e9s, ainsi que les commentaires contenant des informations personnelles, telles que des adresses priv\u00e9es ou des num\u00e9ros de t\u00e9l\u00e9phone et qui enfreignent notre politique de protection des donn\u00e9es.<br\/>De m\u00eame, les commentaires cr\u00e9\u00e9s uniquement \u00e0 des fins promotionnelles d&#8217;un site Web, d&#8217;une personne ou d&#8217;un groupe et tout ce qui peut \u00eatre consid\u00e9r\u00e9 comme du spam en g\u00e9n\u00e9ral seront rejet\u00e9s.<br\/>Les commentaires anonymes ne sont pas autoris\u00e9s, ainsi que ceux faits par la m\u00eame personne avec des surnoms diff\u00e9rents. Les commentaires qui tentent de forcer un d\u00e9bat ou de prendre position par un autre utilisateur ne seront pas non plus pris en compte.<\/p><\/p>\n\n<h3 class=\"wp-block-heading\">EXCLUSION DE GARANTIES ET DE RESPONSABILIT\u00c9<\/h3>\n\n<p>Le fournisseur n&#8217;accorde aucune garantie et n&#8217;est en aucun cas responsable des dommages de toute nature qui pourraient \u00eatre caus\u00e9s par:<\/p>\n\n<ul class=\"wp-block-list\"><li>Le manque de disponibilit\u00e9, de maintenance et de fonctionnement efficace du Web, ou de ses services et contenus;<\/li><li>L&#8217;existence de virus, de programmes malveillants ou nuisibles dans le contenu;<\/li><li>L&#8217;utilisation illicite, n\u00e9gligente, frauduleuse ou contraire au pr\u00e9sent avis juridique;<\/li><li>Le manque de l\u00e9galit\u00e9, de qualit\u00e9, de fiabilit\u00e9, d&#8217;utilit\u00e9 et de disponibilit\u00e9 des services fournis par des tiers et mis \u00e0 disposition des utilisateurs sur le site.<\/li><li>Le fournisseur n&#8217;est en aucun cas responsable des dommages pouvant r\u00e9sulter de l&#8217;utilisation ill\u00e9gale ou inappropri\u00e9e de ce site Web.<\/li><\/ul>\n\n<h3 class=\"wp-block-heading\">LOI APPLICABLE ET JURIDICTION<\/h3>\n\n<p>De mani\u00e8re g\u00e9n\u00e9rale, les relations entre https:\/\/sunrisehomes.es avec les Utilisateurs de ses services t\u00e9l\u00e9matiques, pr\u00e9sents sur ce site, sont soumises \u00e0 la l\u00e9gislation et \u00e0 la juridiction espagnoles et aux tribunaux.<\/p>\n\n<h3 class=\"wp-block-heading\">CONTACT<\/h3>\n\n<p><p>Dans le cas o\u00f9 un utilisateur aurait des questions sur ces conditions l\u00e9gales ou tout commentaire sur le portail https:\/\/sunrisehomes.es, veuillez vous rendre \u00e0 info@sunrisehomes.es<\/p><\/p>\n\n<p>Au nom de l&#8217;\u00e9quipe qui compose Marc Lacroix et Ivan David Lacroix, nous vous remercions pour le temps pass\u00e9 \u00e0 lire cet avis juridique<\/p>\n","protected":false},"excerpt":{"rendered":"<p>Mentions l\u00e9gales et conditions d&#8217;utilisation Dans cet espace, l&#8217;UTILISATEUR pourra trouver toutes les informations relatives aux conditions l\u00e9gales qui d\u00e9finissent les relations entre les utilisateurs et nous en tant que responsables de ce site. En tant qu&#8217;utilisateur, il est important que vous connaissiez ces conditions avant de poursuivre votre navigation. Marc Lacroix et Ivan David [&hellip;]<\/p>\n","protected":false},"author":2,"featured_media":0,"parent":0,"menu_order":0,"comment_status":"closed","ping_status":"closed","template":"","meta":{"site-sidebar-layout":"default","site-content-layout":"default","ast-site-content-layout":"default","site-content-style":"default","site-sidebar-style":"default","ast-global-header-display":"","ast-banner-title-visibility":"","ast-main-header-display":"","ast-hfb-above-header-display":"","ast-hfb-below-header-display":"","ast-hfb-mobile-header-display":"","site-post-title":"","ast-breadcrumbs-content":"","ast-featured-img":"","footer-sml-layout":"","theme-transparent-header-meta":"default","adv-header-id-meta":"","stick-header-meta":"","header-above-stick-meta":"","header-main-stick-meta":"","header-below-stick-meta":"","astra-migrate-meta-layouts":"default","ast-page-background-enabled":"default","ast-page-background-meta":{"desktop":{"background-color":"","background-image":"","background-repeat":"repeat","background-position":"center center","background-size":"auto","background-attachment":"scroll","background-type":"","background-media":"","overlay-type":"","overlay-color":"","overlay-opacity":"","overlay-gradient":""},"tablet":{"background-color":"","background-image":"","background-repeat":"repeat","background-position":"center center","background-size":"auto","background-attachment":"scroll","background-type":"","background-media":"","overlay-type":"","overlay-color":"","overlay-opacity":"","overlay-gradient":""},"mobile":{"background-color":"","background-image":"","background-repeat":"repeat","background-position":"center center","background-size":"auto","background-attachment":"scroll","background-type":"","background-media":"","overlay-type":"","overlay-color":"","overlay-opacity":"","overlay-gradient":""}},"ast-content-background-meta":{"desktop":{"background-color":"var(--ast-global-color-5)","background-image":"","background-repeat":"repeat","background-position":"center center","background-size":"auto","background-attachment":"scroll","background-type":"","background-media":"","overlay-type":"","overlay-color":"","overlay-opacity":"","overlay-gradient":""},"tablet":{"background-color":"var(--ast-global-color-5)","background-image":"","background-repeat":"repeat","background-position":"center center","background-size":"auto","background-attachment":"scroll","background-type":"","background-media":"","overlay-type":"","overlay-color":"","overlay-opacity":"","overlay-gradient":""},"mobile":{"background-color":"var(--ast-global-color-5)","background-image":"","background-repeat":"repeat","background-position":"center center","background-size":"auto","background-attachment":"scroll","background-type":"","background-media":"","overlay-type":"","overlay-color":"","overlay-opacity":"","overlay-gradient":""}},"_joinchat":[],"footnotes":""},"class_list":["post-1374","page","type-page","status-publish","hentry"],"yoast_head":"<!-- This site is optimized with the Yoast SEO plugin v26.1.1 - https:\/\/yoast.com\/wordpress\/plugins\/seo\/ -->\n<title>Avis juridique - Sunrise Homes<\/title>\n<meta name=\"robots\" content=\"index, follow, max-snippet:-1, max-image-preview:large, max-video-preview:-1\" \/>\n<link rel=\"canonical\" href=\"https:\/\/sunrisehomes.es\/index.php\/avis-juridique\/\" \/>\n<meta property=\"og:locale\" content=\"es_ES\" \/>\n<meta property=\"og:type\" content=\"article\" \/>\n<meta property=\"og:title\" content=\"Avis juridique - Sunrise Homes\" \/>\n<meta property=\"og:description\" content=\"Mentions l\u00e9gales et conditions d&#8217;utilisation Dans cet espace, l&#8217;UTILISATEUR pourra trouver toutes les informations relatives aux conditions l\u00e9gales qui d\u00e9finissent les relations entre les utilisateurs et nous en tant que responsables de ce site. En tant qu&#8217;utilisateur, il est important que vous connaissiez ces conditions avant de poursuivre votre navigation. Marc Lacroix et Ivan David [&hellip;]\" \/>\n<meta property=\"og:url\" content=\"https:\/\/sunrisehomes.es\/index.php\/avis-juridique\/?lang=fr\" \/>\n<meta property=\"og:site_name\" content=\"Sunrise Homes\" \/>\n<meta name=\"twitter:card\" content=\"summary_large_image\" \/>\n<meta name=\"twitter:label1\" content=\"Tiempo de lectura\" \/>\n\t<meta name=\"twitter:data1\" content=\"9 minutos\" \/>\n<script type=\"application\/ld+json\" class=\"yoast-schema-graph\">{\"@context\":\"https:\/\/schema.org\",\"@graph\":[{\"@type\":\"WebPage\",\"@id\":\"https:\/\/sunrisehomes.es\/index.php\/avis-juridique\/?lang=fr\",\"url\":\"https:\/\/sunrisehomes.es\/index.php\/avis-juridique\/?lang=fr\",\"name\":\"Avis juridique - Sunrise Homes\",\"isPartOf\":{\"@id\":\"https:\/\/sunrisehomes.es\/#website\"},\"datePublished\":\"2020-11-13T19:47:02+00:00\",\"breadcrumb\":{\"@id\":\"https:\/\/sunrisehomes.es\/index.php\/avis-juridique\/?lang=fr#breadcrumb\"},\"inLanguage\":\"es\",\"potentialAction\":[{\"@type\":\"ReadAction\",\"target\":[\"https:\/\/sunrisehomes.es\/index.php\/avis-juridique\/?lang=fr\"]}]},{\"@type\":\"BreadcrumbList\",\"@id\":\"https:\/\/sunrisehomes.es\/index.php\/avis-juridique\/?lang=fr#breadcrumb\",\"itemListElement\":[{\"@type\":\"ListItem\",\"position\":1,\"name\":\"Portada\",\"item\":\"https:\/\/sunrisehomes.es\/\"},{\"@type\":\"ListItem\",\"position\":2,\"name\":\"Avis juridique\"}]},{\"@type\":\"WebSite\",\"@id\":\"https:\/\/sunrisehomes.es\/#website\",\"url\":\"https:\/\/sunrisehomes.es\/\",\"name\":\"Sunrise Homes\",\"description\":\"Casas y apartamentos turisticos cerca de barcelona y la costa daurada\",\"publisher\":{\"@id\":\"https:\/\/sunrisehomes.es\/#organization\"},\"potentialAction\":[{\"@type\":\"SearchAction\",\"target\":{\"@type\":\"EntryPoint\",\"urlTemplate\":\"https:\/\/sunrisehomes.es\/?s={search_term_string}\"},\"query-input\":{\"@type\":\"PropertyValueSpecification\",\"valueRequired\":true,\"valueName\":\"search_term_string\"}}],\"inLanguage\":\"es\"},{\"@type\":\"Organization\",\"@id\":\"https:\/\/sunrisehomes.es\/#organization\",\"name\":\"Sunrise Homes\",\"url\":\"https:\/\/sunrisehomes.es\/\",\"logo\":{\"@type\":\"ImageObject\",\"inLanguage\":\"es\",\"@id\":\"https:\/\/sunrisehomes.es\/#\/schema\/logo\/image\/\",\"url\":\"https:\/\/sunrisehomes.es\/wp-content\/uploads\/2020\/10\/Logo_sunrise-homes-02-3.png\",\"contentUrl\":\"https:\/\/sunrisehomes.es\/wp-content\/uploads\/2020\/10\/Logo_sunrise-homes-02-3.png\",\"width\":1851,\"height\":363,\"caption\":\"Sunrise Homes\"},\"image\":{\"@id\":\"https:\/\/sunrisehomes.es\/#\/schema\/logo\/image\/\"}}]}<\/script>\n<!-- \/ Yoast SEO plugin. -->","yoast_head_json":{"title":"Avis juridique - Sunrise Homes","robots":{"index":"index","follow":"follow","max-snippet":"max-snippet:-1","max-image-preview":"max-image-preview:large","max-video-preview":"max-video-preview:-1"},"canonical":"https:\/\/sunrisehomes.es\/index.php\/avis-juridique\/","og_locale":"es_ES","og_type":"article","og_title":"Avis juridique - Sunrise Homes","og_description":"Mentions l\u00e9gales et conditions d&#8217;utilisation Dans cet espace, l&#8217;UTILISATEUR pourra trouver toutes les informations relatives aux conditions l\u00e9gales qui d\u00e9finissent les relations entre les utilisateurs et nous en tant que responsables de ce site. En tant qu&#8217;utilisateur, il est important que vous connaissiez ces conditions avant de poursuivre votre navigation. Marc Lacroix et Ivan David [&hellip;]","og_url":"https:\/\/sunrisehomes.es\/index.php\/avis-juridique\/?lang=fr","og_site_name":"Sunrise Homes","twitter_card":"summary_large_image","twitter_misc":{"Tiempo de lectura":"9 minutos"},"schema":{"@context":"https:\/\/schema.org","@graph":[{"@type":"WebPage","@id":"https:\/\/sunrisehomes.es\/index.php\/avis-juridique\/?lang=fr","url":"https:\/\/sunrisehomes.es\/index.php\/avis-juridique\/?lang=fr","name":"Avis juridique - Sunrise Homes","isPartOf":{"@id":"https:\/\/sunrisehomes.es\/#website"},"datePublished":"2020-11-13T19:47:02+00:00","breadcrumb":{"@id":"https:\/\/sunrisehomes.es\/index.php\/avis-juridique\/?lang=fr#breadcrumb"},"inLanguage":"es","potentialAction":[{"@type":"ReadAction","target":["https:\/\/sunrisehomes.es\/index.php\/avis-juridique\/?lang=fr"]}]},{"@type":"BreadcrumbList","@id":"https:\/\/sunrisehomes.es\/index.php\/avis-juridique\/?lang=fr#breadcrumb","itemListElement":[{"@type":"ListItem","position":1,"name":"Portada","item":"https:\/\/sunrisehomes.es\/"},{"@type":"ListItem","position":2,"name":"Avis juridique"}]},{"@type":"WebSite","@id":"https:\/\/sunrisehomes.es\/#website","url":"https:\/\/sunrisehomes.es\/","name":"Sunrise Homes","description":"Casas y apartamentos turisticos cerca de barcelona y la costa daurada","publisher":{"@id":"https:\/\/sunrisehomes.es\/#organization"},"potentialAction":[{"@type":"SearchAction","target":{"@type":"EntryPoint","urlTemplate":"https:\/\/sunrisehomes.es\/?s={search_term_string}"},"query-input":{"@type":"PropertyValueSpecification","valueRequired":true,"valueName":"search_term_string"}}],"inLanguage":"es"},{"@type":"Organization","@id":"https:\/\/sunrisehomes.es\/#organization","name":"Sunrise Homes","url":"https:\/\/sunrisehomes.es\/","logo":{"@type":"ImageObject","inLanguage":"es","@id":"https:\/\/sunrisehomes.es\/#\/schema\/logo\/image\/","url":"https:\/\/sunrisehomes.es\/wp-content\/uploads\/2020\/10\/Logo_sunrise-homes-02-3.png","contentUrl":"https:\/\/sunrisehomes.es\/wp-content\/uploads\/2020\/10\/Logo_sunrise-homes-02-3.png","width":1851,"height":363,"caption":"Sunrise Homes"},"image":{"@id":"https:\/\/sunrisehomes.es\/#\/schema\/logo\/image\/"}}]}},"_links":{"self":[{"href":"https:\/\/sunrisehomes.es\/index.php\/wp-json\/wp\/v2\/pages\/1374","targetHints":{"allow":["GET"]}}],"collection":[{"href":"https:\/\/sunrisehomes.es\/index.php\/wp-json\/wp\/v2\/pages"}],"about":[{"href":"https:\/\/sunrisehomes.es\/index.php\/wp-json\/wp\/v2\/types\/page"}],"author":[{"embeddable":true,"href":"https:\/\/sunrisehomes.es\/index.php\/wp-json\/wp\/v2\/users\/2"}],"replies":[{"embeddable":true,"href":"https:\/\/sunrisehomes.es\/index.php\/wp-json\/wp\/v2\/comments?post=1374"}],"version-history":[{"count":1,"href":"https:\/\/sunrisehomes.es\/index.php\/wp-json\/wp\/v2\/pages\/1374\/revisions"}],"predecessor-version":[{"id":1375,"href":"https:\/\/sunrisehomes.es\/index.php\/wp-json\/wp\/v2\/pages\/1374\/revisions\/1375"}],"wp:attachment":[{"href":"https:\/\/sunrisehomes.es\/index.php\/wp-json\/wp\/v2\/media?parent=1374"}],"curies":[{"name":"wp","href":"https:\/\/api.w.org\/{rel}","templated":true}]}}