{"id":1382,"date":"2020-11-13T21:12:45","date_gmt":"2020-11-13T21:12:45","guid":{"rendered":"https:\/\/sunrisehomes.es\/index.php\/politique-de-cookies\/"},"modified":"2020-11-13T21:12:46","modified_gmt":"2020-11-13T21:12:46","slug":"politique-de-cookies","status":"publish","type":"page","link":"https:\/\/sunrisehomes.es\/index.php\/politique-de-cookies\/?lang=fr","title":{"rendered":"Politique de cookies"},"content":{"rendered":"\n<p><p>Sur ce site Web, des cookies tiers et propres sont utilis\u00e9s pour vous assurer une meilleure exp\u00e9rience de navigation, vous pouvez partager du contenu sur les r\u00e9seaux sociaux et pour que nous puissions obtenir des statistiques sur les utilisateurs.<\/p>&#13;\n<p>Vous pouvez emp\u00eacher le t\u00e9l\u00e9chargement de cookies via les param\u00e8tres de votre navigateur, emp\u00eachant ainsi les cookies d&#8217;\u00eatre stock\u00e9s sur votre appareil.<\/p>&#13;\n<p>En tant que propri\u00e9taire de ce site, je vous informe que nous n&#8217;utilisons aucune information personnelle provenant des cookies, nous ne r\u00e9alisons que des statistiques g\u00e9n\u00e9rales de visites qui n&#8217;impliquent aucune information personnelle.<\/p>&#13;\n<p>Il est tr\u00e8s important que vous lisiez cette politique de cookies et compreniez que, si vous continuez \u00e0 naviguer, nous consid\u00e9rerons que vous acceptez son utilisation.<\/p>&#13;\n<p>Selon les termes de l&#8217;article 22.2 de la loi 34\/2002 sur les services de la soci\u00e9t\u00e9 de l&#8217;information et du commerce \u00e9lectronique, si vous continuez \u00e0 naviguer, vous consentez \u00e0 l&#8217;utilisation des m\u00e9canismes susmentionn\u00e9s.<\/p><\/p>\n\n<h3 class=\"wp-block-heading\">Entit\u00e9 responsable<\/h3>\n\n<p>L&#8217;entit\u00e9 responsable de la collecte, du traitement et de l&#8217;utilisation de vos donn\u00e9es personnelles, au sens \u00e9tabli par la loi sur la protection des donn\u00e9es personnelles est la page https:\/\/sunrisehomes.es, propri\u00e9t\u00e9 de Marc et Ivan Lacroix &#8211; Bahia Palace IC \/ Gregal , 2 bjs A &#8211; Miami Platja (Mont Roig del Camp).<\/p>\n\n<h3 class=\"wp-block-heading\">Qu\u00e9 sont las cookies?<\/h3>\n\n<p>Les cookies sont un ensemble de donn\u00e9es qu&#8217;un serveur d\u00e9pose dans le navigateur de l&#8217;utilisateur pour collecter des informations d&#8217;enregistrement Internet standard et des informations sur le comportement des visiteurs d&#8217;un site Web. En d&#8217;autres termes, il s&#8217;agit de petits fichiers texte qui sont stock\u00e9s sur le disque dur de l&#8217;ordinateur et qui servent \u00e0 identifier l&#8217;utilisateur lorsqu&#8217;il se connecte \u00e0 nouveau au site Web. Son but est d&#8217;enregistrer la visite de l&#8217;utilisateur et de sauvegarder certaines informations. Son utilisation est courante et fr\u00e9quente sur le Web car elle permet aux pages de fonctionner plus efficacement et d&#8217;obtenir une plus grande personnalisation et analyse du comportement des utilisateurs.<\/p>\n\n<h3 class=\"wp-block-heading\">Quels types de cookies existe-t-il?<\/h3>\n\n<p>Les cookies utilis\u00e9s sur notre site Web sont des cookies de session et de tiers, et nous permettent de stocker et d&#8217;acc\u00e9der \u00e0 des informations relatives \u00e0 la langue, au type de navigateur utilis\u00e9 et \u00e0 d&#8217;autres caract\u00e9ristiques g\u00e9n\u00e9rales pr\u00e9d\u00e9finies par l&#8217;utilisateur, ainsi que de suivre et d&#8217;analyser l&#8217;activit\u00e9. r\u00e9alis\u00e9es, afin d&#8217;apporter des am\u00e9liorations et de fournir nos services de mani\u00e8re plus efficace et personnalis\u00e9e.<\/p>\n\n<p>Les cookies, en fonction de leur permanence, peuvent \u00eatre divis\u00e9s en cookies de session ou permanents. Ceux qui expirent lorsque l&#8217;utilisateur ferme le navigateur. Celles qui expirent en fonction du moment o\u00f9 l&#8217;objectif pour lequel elles servent est remplie (par exemple, pour que l&#8217;utilisateur reste identifi\u00e9 dans les services ivan) ou lorsqu&#8217;elles sont supprim\u00e9es manuellement.<\/p>\n\n<figure class=\"wp-block-table\"><table><tbody><tr><td>Nom<\/td><td>Tipus<\/td><td>Caducit\u00e9<\/td><td>Finalit\u00e9<\/td><td>Clase<\/td><\/tr><tr><td>__utma<\/td><td>De Tercers (Google Analytics)<\/td><td>2 ans<\/td><td>Il est utilis\u00e9 pour distinguer les utilisateurs et les sessions.<\/td><td>Pas Exente<\/td><\/tr><tr><td>__utmb<\/td><td>De Tercers (Google Analytics)<\/td><td>30 minutes<\/td><td>Utilis\u00e9 pour d\u00e9terminer de nouvelles sessions ou visites<\/td><td>Pas Exente<\/td><\/tr><tr><td>__utmc<\/td><td>De Tercers (Google Analytics)<\/td><td>Al finalizar la sesi\u00f3n<\/td><td>Se configura para su uso con Urchin<\/td><td>Pas Exente<\/td><\/tr><tr><td>__utmz<\/td><td>De Tercers (Google Analytics)<\/td><td>6 mois<\/td><td>Stocke l&#8217;origine ou la campagne qui explique comment l&#8217;utilisateur est arriv\u00e9 \u00e0 la page Web.<\/td><td>Pas Exente<\/td><\/tr><tr><td>Facebook Pixel<\/td><td>De Terceros (Facebook Pixel)<\/td><td>1 mois<\/td><td>Partagez les donn\u00e9es des cookies propri\u00e9taires avec Sunrise Homes avec Facebook<\/td><td>Pas Exente<\/td><\/tr><\/tbody><\/table><\/figure>\n\n<p>De plus, en fonction de leur objectif, les cookies peuvent \u00eatre class\u00e9s comme suit:<\/p>\n\n<h2 class=\"wp-block-heading\">Cookies de rendement<\/h2>\n\n<p>Ce type de cookies r\u00e9cup\u00e8re vos pr\u00e9f\u00e9rences pour les outils trouv\u00e9s dans les services, car il n&#8217;a aucune valeur qui configurera le service \u00e0 chaque visite. Un exemple de mode, dans cette typologie, comprend: Les r\u00e9glages du volume des lecteurs vid\u00e9o ou audio. Les vitesses de transmission vid\u00e9o compatibles avec votre navigateur. Objets enregistr\u00e9s dans le \u00abpanier\u00bb dans les services de story e-commerce en tant qu&#8217;amis.<\/p>\n\n<h2 class=\"wp-block-heading\">Cookies de geo-localisation<\/h2>\n\n<p>Ces cookies sont utilis\u00e9s pour assurer la s\u00e9curit\u00e9 dans le pays dans lequel vous vous trouvez lorsqu&#8217;un service est demand\u00e9. Ce cookie est totalement anonyme et ne peut \u00eatre utilis\u00e9 que pour guider le contenu vers votre emplacement.<\/p>\n\n<h2 class=\"wp-block-heading\">Cookies de r\u00e9gistre<\/h2>\n\n<p>Les cookies sont enregistr\u00e9s et g\u00e9n\u00e9r\u00e9s une fois que l&#8217;utilisateur a enregistr\u00e9 ou ouvert ult\u00e9rieurement sa session, et sont utilis\u00e9s pour s&#8217;identifier dans les services avec les objectifs suivants:<\/p>\n\n<p>Maintenir un utilisateur identifi\u00e9 de telle mani\u00e8re que, dans un service, le navigateur ou l&#8217;ordinateur, et \u00e0 un autre moment o\u00f9 un autre jour il peut acc\u00e9der \u00e0 un service, il reste identifi\u00e9, facilitant ainsi sa navigation sans tenir compte du fait qu&#8217;il se r\u00e9identifie. Cette fonctionnalit\u00e9 peut \u00eatre assum\u00e9e et utilis\u00e9e en utilisant la fonctionnalit\u00e9 [session de c\u00e9r\u00e9monie], de sorte que ce cookie puisse \u00eatre supprim\u00e9 et la prochaine fois que cela sera fait dans le service qui l&#8217;utilise, vous devrez vous connecter pour \u00eatre identifi\u00e9.<\/p>\n\n<p>V\u00e9rifiez si l&#8217;utilisateur est autoris\u00e9 \u00e0 acc\u00e9der aux services ouverts, par exemple, pour participer \u00e0 un concours.<\/p>\n\n<p>De plus, certains services peuvent utiliser des connexions et repenser les histoires sociales telles que Facebook ou Twitter. Lorsque l&#8217;utilisateur s&#8217;inscrit dans un service avec les informations d&#8217;identification d&#8217;un r\u00e9seau social, le r\u00e9seau social est autoris\u00e9 en enregistrant un cookie persistant qui r\u00e9cup\u00e8re son identit\u00e9 et l&#8217;acc\u00e8s aux services est garanti jusqu&#8217;\u00e0 leur expiration. L&#8217;utilisateur peut obtenir ce cookie et r\u00e9voquer l&#8217;acc\u00e8s aux services gr\u00e2ce \u00e0 une refonte sociale mettant \u00e0 jour ses pr\u00e9f\u00e9rences en rouge et social sp\u00e9cifique.<\/p>\n\n<h2 class=\"wp-block-heading\">Cookies de anal\u00edtique<\/h2>\n\n<p>Chaque fois qu&#8217;un utilisateur visite un service, un outil d&#8217;un fournisseur externe externe g\u00e9n\u00e8re un cookie analytique sur l&#8217;ordinateur de l&#8217;utilisateur. Ce cookie, qui n&#8217;est g\u00e9n\u00e9r\u00e9 que lors de la visite, sert lors des visites futures aux services d&#8217;identification pour identifier le visiteur de mani\u00e8re anonyme. Les principaux objectifs poursuivis par un enfant:<\/p>\n\n<p><p>Il permet l&#8217;identification anonyme des utilisateurs naviguant \u00e0 travers le cookie (identifiants de navigateur et d&#8217;appareil, sans personne) et \u00e0 la fois pour le contr\u00f4le approximatif du nombre de visiteurs et de leur \u00e9volution dans le temps.<br\/>Identifiez de mani\u00e8re anonyme le contenu le plus visit\u00e9 et donc le plus attractif pour les utilisateurs de Sabre et l&#8217;utilisateur qui acc\u00e8de \u00e0 une visite nouvelle ou r\u00e9p\u00e9t\u00e9e.<\/p><\/p>\n\n<p>Important: \u00e0 moins que l&#8217;utilisateur ne d\u00e9cide de s&#8217;inscrire \u00e0 un service pr\u00e9alable, le cookie n&#8217;est jamais associ\u00e9 \u00e0 une date personnellement identifiable. Les cookies qui peuvent \u00eatre utilis\u00e9s peuvent \u00eatre utilis\u00e9s \u00e0 des fins statistiques qui aident \u00e0 optimiser l&#8217;exp\u00e9rience utilisateur du site.<\/p>\n\n<h2 class=\"wp-block-heading\">Cookies de publicit\u00e9<\/h2>\n\n<p>Ce type de cookies vous permet d&#8217;\u00e9largir les informations des publicit\u00e9s pr\u00e9sent\u00e9es \u00e0 chaque utilisateur anonyme sur les services d&#8217;Ivan. Entre autres, la dur\u00e9e ou la fr\u00e9quence d&#8217;affichage des positions publicitaires, l&#8217;interaction avec celles-ci, ou les sch\u00e9mas de navigation et \/ ou les comportements de l&#8217;utilisateur seront stock\u00e9s car ils peuvent aider \u00e0 former un profil d&#8217;int\u00e9r\u00eat public. Ce style, permet de faire de la publicit\u00e9 aux int\u00e9r\u00eats de l&#8217;utilisateur.<\/p>\n\n<h2 class=\"wp-block-heading\">Cookies publicitaires tiers<\/h2>\n\n<p>En plus de la gestion de la publicit\u00e9 des sites Web ivan et de ses services, les sites Web ivanisme qui offrent \u00e0 leurs annonceurs la possibilit\u00e9 d&#8217;utiliser des publicit\u00e9s via des tiers (\u00abAd Servers\u00bb). Dans ce style, ces tiers peuvent stocker des cookies envoy\u00e9s par les services d&#8217;inventaire depuis les navigateurs des utilisateurs, afin que les donn\u00e9es enregistr\u00e9es soient accessibles.<\/p>\n\n<p>Les entreprises qui g\u00e9n\u00e8rent des cookies ont leurs politiques de confidentialit\u00e9. Actuellement, les sites Web d&#8217;Ivan utilisent la plateforme Doubleclick (Google) pour g\u00e9rer ces services. Pour plus d&#8217;informations, rendez-vous sur<\/p>\n\n<p><a href=\"http:\/\/www.google.es\/policies\/privacy\/ads\/#toc-doubleclick\" target=\"_blank\" rel=\"noreferrer noopener\">http:\/\/www.google.es\/policies\/privacy\/ads\/#toc-doubleclick<\/a> y un <a href=\"http:\/\/www.google.es\/policies\/privacy\/ads\/\" target=\"_blank\" rel=\"noreferrer noopener\">http:\/\/www.google.es\/policies\/privacy\/ads\/<\/a>.<\/p>\n\n<p><p>Comment puis-je d\u00e9sactiver les cookies dans mon navigateur?<br\/>Les diff\u00e9rents navigateurs peuvent \u00eatre configur\u00e9s pour notifier \u00e0 l&#8217;utilisateur la r\u00e9ception de cookies et, le cas \u00e9ch\u00e9ant, leur installation sur l&#8217;ordinateur est emp\u00each\u00e9e. De m\u00eame, l&#8217;utilisateur peut v\u00e9rifier dans son navigateur les cookies qu&#8217;il a install\u00e9s et le plan d&#8217;expiration de celui-ci, en pouvant les \u00e9liminer.<\/p><\/p>\n\n<p>Pour plus d&#8217;informations, consultez les instructions et manuels de votre navigateur:<\/p>\n\n<p><p><a href=\"https:\/\/support.google.com\/chrome\/answer\/95647\" target=\"_blank\" rel=\"noreferrer noopener\">Pour plus d&#8217;informations sur l&#8217;administration des cookies dans Google Chrome:https:\/\/support.google.com\/chrome\/answer\/95647<\/a><\/p><\/p>\n","protected":false},"excerpt":{"rendered":"<p>Sur ce site Web, des cookies tiers et propres sont utilis\u00e9s pour vous assurer une meilleure exp\u00e9rience de navigation, vous pouvez partager du contenu sur les r\u00e9seaux sociaux et pour que nous puissions obtenir des statistiques sur les utilisateurs. &#13; Vous pouvez emp\u00eacher le t\u00e9l\u00e9chargement de cookies via les param\u00e8tres de votre navigateur, emp\u00eachant ainsi [&hellip;]<\/p>\n","protected":false},"author":2,"featured_media":0,"parent":0,"menu_order":0,"comment_status":"closed","ping_status":"closed","template":"","meta":{"site-sidebar-layout":"default","site-content-layout":"default","ast-site-content-layout":"default","site-content-style":"default","site-sidebar-style":"default","ast-global-header-display":"","ast-banner-title-visibility":"","ast-main-header-display":"","ast-hfb-above-header-display":"","ast-hfb-below-header-display":"","ast-hfb-mobile-header-display":"","site-post-title":"","ast-breadcrumbs-content":"","ast-featured-img":"","footer-sml-layout":"","theme-transparent-header-meta":"default","adv-header-id-meta":"","stick-header-meta":"","header-above-stick-meta":"","header-main-stick-meta":"","header-below-stick-meta":"","astra-migrate-meta-layouts":"default","ast-page-background-enabled":"default","ast-page-background-meta":{"desktop":{"background-color":"","background-image":"","background-repeat":"repeat","background-position":"center center","background-size":"auto","background-attachment":"scroll","background-type":"","background-media":"","overlay-type":"","overlay-color":"","overlay-opacity":"","overlay-gradient":""},"tablet":{"background-color":"","background-image":"","background-repeat":"repeat","background-position":"center center","background-size":"auto","background-attachment":"scroll","background-type":"","background-media":"","overlay-type":"","overlay-color":"","overlay-opacity":"","overlay-gradient":""},"mobile":{"background-color":"","background-image":"","background-repeat":"repeat","background-position":"center center","background-size":"auto","background-attachment":"scroll","background-type":"","background-media":"","overlay-type":"","overlay-color":"","overlay-opacity":"","overlay-gradient":""}},"ast-content-background-meta":{"desktop":{"background-color":"var(--ast-global-color-5)","background-image":"","background-repeat":"repeat","background-position":"center center","background-size":"auto","background-attachment":"scroll","background-type":"","background-media":"","overlay-type":"","overlay-color":"","overlay-opacity":"","overlay-gradient":""},"tablet":{"background-color":"var(--ast-global-color-5)","background-image":"","background-repeat":"repeat","background-position":"center center","background-size":"auto","background-attachment":"scroll","background-type":"","background-media":"","overlay-type":"","overlay-color":"","overlay-opacity":"","overlay-gradient":""},"mobile":{"background-color":"var(--ast-global-color-5)","background-image":"","background-repeat":"repeat","background-position":"center center","background-size":"auto","background-attachment":"scroll","background-type":"","background-media":"","overlay-type":"","overlay-color":"","overlay-opacity":"","overlay-gradient":""}},"_joinchat":[],"footnotes":""},"class_list":["post-1382","page","type-page","status-publish","hentry"],"yoast_head":"<!-- This site is optimized with the Yoast SEO plugin v26.1.1 - https:\/\/yoast.com\/wordpress\/plugins\/seo\/ -->\n<title>Politique de cookies - Sunrise Homes<\/title>\n<meta name=\"robots\" content=\"index, follow, max-snippet:-1, max-image-preview:large, max-video-preview:-1\" \/>\n<link rel=\"canonical\" href=\"https:\/\/sunrisehomes.es\/index.php\/politique-de-cookies\/\" \/>\n<meta property=\"og:locale\" content=\"es_ES\" \/>\n<meta property=\"og:type\" content=\"article\" \/>\n<meta property=\"og:title\" content=\"Politique de cookies - Sunrise Homes\" \/>\n<meta property=\"og:description\" content=\"Sur ce site Web, des cookies tiers et propres sont utilis\u00e9s pour vous assurer une meilleure exp\u00e9rience de navigation, vous pouvez partager du contenu sur les r\u00e9seaux sociaux et pour que nous puissions obtenir des statistiques sur les utilisateurs. &#013; Vous pouvez emp\u00eacher le t\u00e9l\u00e9chargement de cookies via les param\u00e8tres de votre navigateur, emp\u00eachant ainsi [&hellip;]\" \/>\n<meta property=\"og:url\" content=\"https:\/\/sunrisehomes.es\/index.php\/politique-de-cookies\/?lang=fr\" \/>\n<meta property=\"og:site_name\" content=\"Sunrise Homes\" \/>\n<meta property=\"article:modified_time\" content=\"2020-11-13T21:12:46+00:00\" \/>\n<meta name=\"twitter:card\" content=\"summary_large_image\" \/>\n<meta name=\"twitter:label1\" content=\"Tiempo de lectura\" \/>\n\t<meta name=\"twitter:data1\" content=\"7 minutos\" \/>\n<script type=\"application\/ld+json\" class=\"yoast-schema-graph\">{\"@context\":\"https:\/\/schema.org\",\"@graph\":[{\"@type\":\"WebPage\",\"@id\":\"https:\/\/sunrisehomes.es\/index.php\/politique-de-cookies\/?lang=fr\",\"url\":\"https:\/\/sunrisehomes.es\/index.php\/politique-de-cookies\/?lang=fr\",\"name\":\"Politique de cookies - Sunrise Homes\",\"isPartOf\":{\"@id\":\"https:\/\/sunrisehomes.es\/#website\"},\"datePublished\":\"2020-11-13T21:12:45+00:00\",\"dateModified\":\"2020-11-13T21:12:46+00:00\",\"breadcrumb\":{\"@id\":\"https:\/\/sunrisehomes.es\/index.php\/politique-de-cookies\/?lang=fr#breadcrumb\"},\"inLanguage\":\"es\",\"potentialAction\":[{\"@type\":\"ReadAction\",\"target\":[\"https:\/\/sunrisehomes.es\/index.php\/politique-de-cookies\/?lang=fr\"]}]},{\"@type\":\"BreadcrumbList\",\"@id\":\"https:\/\/sunrisehomes.es\/index.php\/politique-de-cookies\/?lang=fr#breadcrumb\",\"itemListElement\":[{\"@type\":\"ListItem\",\"position\":1,\"name\":\"Portada\",\"item\":\"https:\/\/sunrisehomes.es\/\"},{\"@type\":\"ListItem\",\"position\":2,\"name\":\"Politique de cookies\"}]},{\"@type\":\"WebSite\",\"@id\":\"https:\/\/sunrisehomes.es\/#website\",\"url\":\"https:\/\/sunrisehomes.es\/\",\"name\":\"Sunrise Homes\",\"description\":\"Casas y apartamentos turisticos cerca de barcelona y la costa daurada\",\"publisher\":{\"@id\":\"https:\/\/sunrisehomes.es\/#organization\"},\"potentialAction\":[{\"@type\":\"SearchAction\",\"target\":{\"@type\":\"EntryPoint\",\"urlTemplate\":\"https:\/\/sunrisehomes.es\/?s={search_term_string}\"},\"query-input\":{\"@type\":\"PropertyValueSpecification\",\"valueRequired\":true,\"valueName\":\"search_term_string\"}}],\"inLanguage\":\"es\"},{\"@type\":\"Organization\",\"@id\":\"https:\/\/sunrisehomes.es\/#organization\",\"name\":\"Sunrise Homes\",\"url\":\"https:\/\/sunrisehomes.es\/\",\"logo\":{\"@type\":\"ImageObject\",\"inLanguage\":\"es\",\"@id\":\"https:\/\/sunrisehomes.es\/#\/schema\/logo\/image\/\",\"url\":\"https:\/\/sunrisehomes.es\/wp-content\/uploads\/2020\/10\/Logo_sunrise-homes-02-3.png\",\"contentUrl\":\"https:\/\/sunrisehomes.es\/wp-content\/uploads\/2020\/10\/Logo_sunrise-homes-02-3.png\",\"width\":1851,\"height\":363,\"caption\":\"Sunrise Homes\"},\"image\":{\"@id\":\"https:\/\/sunrisehomes.es\/#\/schema\/logo\/image\/\"}}]}<\/script>\n<!-- \/ Yoast SEO plugin. -->","yoast_head_json":{"title":"Politique de cookies - Sunrise Homes","robots":{"index":"index","follow":"follow","max-snippet":"max-snippet:-1","max-image-preview":"max-image-preview:large","max-video-preview":"max-video-preview:-1"},"canonical":"https:\/\/sunrisehomes.es\/index.php\/politique-de-cookies\/","og_locale":"es_ES","og_type":"article","og_title":"Politique de cookies - Sunrise Homes","og_description":"Sur ce site Web, des cookies tiers et propres sont utilis\u00e9s pour vous assurer une meilleure exp\u00e9rience de navigation, vous pouvez partager du contenu sur les r\u00e9seaux sociaux et pour que nous puissions obtenir des statistiques sur les utilisateurs. &#13; Vous pouvez emp\u00eacher le t\u00e9l\u00e9chargement de cookies via les param\u00e8tres de votre navigateur, emp\u00eachant ainsi [&hellip;]","og_url":"https:\/\/sunrisehomes.es\/index.php\/politique-de-cookies\/?lang=fr","og_site_name":"Sunrise Homes","article_modified_time":"2020-11-13T21:12:46+00:00","twitter_card":"summary_large_image","twitter_misc":{"Tiempo de lectura":"7 minutos"},"schema":{"@context":"https:\/\/schema.org","@graph":[{"@type":"WebPage","@id":"https:\/\/sunrisehomes.es\/index.php\/politique-de-cookies\/?lang=fr","url":"https:\/\/sunrisehomes.es\/index.php\/politique-de-cookies\/?lang=fr","name":"Politique de cookies - Sunrise Homes","isPartOf":{"@id":"https:\/\/sunrisehomes.es\/#website"},"datePublished":"2020-11-13T21:12:45+00:00","dateModified":"2020-11-13T21:12:46+00:00","breadcrumb":{"@id":"https:\/\/sunrisehomes.es\/index.php\/politique-de-cookies\/?lang=fr#breadcrumb"},"inLanguage":"es","potentialAction":[{"@type":"ReadAction","target":["https:\/\/sunrisehomes.es\/index.php\/politique-de-cookies\/?lang=fr"]}]},{"@type":"BreadcrumbList","@id":"https:\/\/sunrisehomes.es\/index.php\/politique-de-cookies\/?lang=fr#breadcrumb","itemListElement":[{"@type":"ListItem","position":1,"name":"Portada","item":"https:\/\/sunrisehomes.es\/"},{"@type":"ListItem","position":2,"name":"Politique de cookies"}]},{"@type":"WebSite","@id":"https:\/\/sunrisehomes.es\/#website","url":"https:\/\/sunrisehomes.es\/","name":"Sunrise Homes","description":"Casas y apartamentos turisticos cerca de barcelona y la costa daurada","publisher":{"@id":"https:\/\/sunrisehomes.es\/#organization"},"potentialAction":[{"@type":"SearchAction","target":{"@type":"EntryPoint","urlTemplate":"https:\/\/sunrisehomes.es\/?s={search_term_string}"},"query-input":{"@type":"PropertyValueSpecification","valueRequired":true,"valueName":"search_term_string"}}],"inLanguage":"es"},{"@type":"Organization","@id":"https:\/\/sunrisehomes.es\/#organization","name":"Sunrise Homes","url":"https:\/\/sunrisehomes.es\/","logo":{"@type":"ImageObject","inLanguage":"es","@id":"https:\/\/sunrisehomes.es\/#\/schema\/logo\/image\/","url":"https:\/\/sunrisehomes.es\/wp-content\/uploads\/2020\/10\/Logo_sunrise-homes-02-3.png","contentUrl":"https:\/\/sunrisehomes.es\/wp-content\/uploads\/2020\/10\/Logo_sunrise-homes-02-3.png","width":1851,"height":363,"caption":"Sunrise Homes"},"image":{"@id":"https:\/\/sunrisehomes.es\/#\/schema\/logo\/image\/"}}]}},"_links":{"self":[{"href":"https:\/\/sunrisehomes.es\/index.php\/wp-json\/wp\/v2\/pages\/1382","targetHints":{"allow":["GET"]}}],"collection":[{"href":"https:\/\/sunrisehomes.es\/index.php\/wp-json\/wp\/v2\/pages"}],"about":[{"href":"https:\/\/sunrisehomes.es\/index.php\/wp-json\/wp\/v2\/types\/page"}],"author":[{"embeddable":true,"href":"https:\/\/sunrisehomes.es\/index.php\/wp-json\/wp\/v2\/users\/2"}],"replies":[{"embeddable":true,"href":"https:\/\/sunrisehomes.es\/index.php\/wp-json\/wp\/v2\/comments?post=1382"}],"version-history":[{"count":1,"href":"https:\/\/sunrisehomes.es\/index.php\/wp-json\/wp\/v2\/pages\/1382\/revisions"}],"predecessor-version":[{"id":1383,"href":"https:\/\/sunrisehomes.es\/index.php\/wp-json\/wp\/v2\/pages\/1382\/revisions\/1383"}],"wp:attachment":[{"href":"https:\/\/sunrisehomes.es\/index.php\/wp-json\/wp\/v2\/media?parent=1382"}],"curies":[{"name":"wp","href":"https:\/\/api.w.org\/{rel}","templated":true}]}}