{"id":26,"date":"2020-09-09T15:38:02","date_gmt":"2020-09-09T15:38:02","guid":{"rendered":"https:\/\/sunrisehomes.es\/index.php\/politica-de-privacitat\/"},"modified":"2020-11-13T21:19:24","modified_gmt":"2020-11-13T21:19:24","slug":"politica-de-privacitat","status":"publish","type":"page","link":"https:\/\/sunrisehomes.es\/index.php\/politica-de-privacitat\/?lang=ca","title":{"rendered":"Pol\u00edtica de privacitat"},"content":{"rendered":"\n<h1 class=\"wp-block-heading\">pol\u00edtica de protecci\u00f3 de dades<\/h1>\n\n<p>Aquesta Pol\u00edtica de privadesa estableix els termes en qu\u00e8 Sunrise Homes utilitza i protegeix la informaci\u00f3 que els seus usuaris proporcionen quan utilitzen el seu lloc web. Aquesta empresa es compromet amb la seguretat de les dades dels seus usuaris. Quan us demanem que empleneu els camps d\u2019informaci\u00f3 personal amb els quals us podeu identificar, ho fem garantint que nom\u00e9s s\u2019utilitzar\u00e0 d\u2019acord amb els termes d\u2019aquest document. Tanmateix, aquesta pol\u00edtica de privadesa pot canviar amb el pas del temps o actualitzar-se, de manera que us recomanem i emfasitzem la revisi\u00f3 cont\u00ednua d&#8217;aquesta p\u00e0gina per assegurar-vos que esteu d&#8217;acord amb aquests canvis.<\/p>\n\n<h2 class=\"wp-block-heading\">Sobre nosaltres<\/h2>\n\n<p>L\u2019adre\u00e7a del nostre lloc web \u00e9s: https:\/\/sunrisehomes.es, propietat de Bahia Palace Campus administrat per Ivan David Lacroix<\/p>\n\n<ul class=\"wp-block-list\"><li>NIF:<\/li><li>Direcci\u00f3: Bahia Palace I C \/ Gregal, 2 bjs A 43892 Miami Platja Tarragona<\/li><li>Email: marc@oh-training.com<\/li><\/ul>\n\n<h2 class=\"wp-block-heading\"><p>Informaci\u00f3 recollida<\/p><\/h2>\n\n<p>El nostre lloc web pot recopilar informaci\u00f3 personal com: nom, informaci\u00f3 de contacte, com ara la vostra adre\u00e7a de correu electr\u00f2nic i informaci\u00f3 demogr\u00e0fica. De la mateixa manera, quan sigui necessari, es pot requerir informaci\u00f3 espec\u00edfica per processar una comanda o fer un lliurament o facturaci\u00f3.<\/p>\n\n<h2 class=\"wp-block-heading\"><p>\u00das de la informaci\u00f3 recollida<\/p><\/h2>\n\n<p><p>El nostre lloc web utilitza la informaci\u00f3 per proporcionar el millor servei possible, en particular per mantenir un registre d\u2019usuaris, de comandes si s\u2019escau i per millorar els nostres productes i serveis. Els correus electr\u00f2nics es poden enviar peri\u00f2dicament a trav\u00e9s del nostre lloc amb ofertes especials, nous productes i altra informaci\u00f3 publicit\u00e0ria que considerem rellevant per a vosaltres o que us puguin proporcionar algun avantatge. Aquests correus electr\u00f2nics s\u2019enviaran a l\u2019adre\u00e7a que proporcioneu i es poden cancel\u00b7lar en qualsevol moment .<br\/>Sunrise Homes est\u00e0 altament comprom\u00e8s a complir el comprom\u00eds de mantenir la informaci\u00f3 segura. Utilitzem els sistemes m\u00e9s avan\u00e7ats i els actualitzem constantment per garantir que no hi hagi acc\u00e9s no autoritzat.<\/p><\/p>\n\n<h3 class=\"wp-block-heading\">Comentaris<\/h3>\n\n<p>Quan els visitants deixen comentaris al web, recopilem les dades que es mostren al formulari de comentaris, aix\u00ed com l\u2019adre\u00e7a IP del visitant i la cadena d\u2019agents d\u2019usuari del navegador per ajudar a la detecci\u00f3 de correu brossa.<\/p>\n\n<p>Una cadena an\u00f2nima creada a partir de la vostra adre\u00e7a de correu electr\u00f2nic (tamb\u00e9 anomenada hash) es pot proporcionar al servei Gravatar per veure si la feu servir. La pol\u00edtica de privadesa del servei Gravatar est\u00e0 disponible aqu\u00ed: https:\/\/automattic.com\/privacy\/. Un cop aprovat el vostre comentari, la vostra imatge de perfil ser\u00e0 visible pel p\u00fablic en el context del vostre comentari.<\/p>\n\n<h3 class=\"wp-block-heading\">Mitjans de comuniaci\u00f3<\/h3>\n\n<p>Si pengeu imatges al web, heu d&#8217;evitar penjar imatges amb dades d&#8217;ubicaci\u00f3 incloses (GPS EXIF). Els visitants del web poden descarregar i extreure qualsevol informaci\u00f3 d\u2019ubicaci\u00f3 d\u2019imatges del web.<\/p>\n\n<h3 class=\"wp-block-heading\">Formularis de Contacte<\/h3>\n\n<p>A trav\u00e9s dels formularis de contacte rebem i emmagatzemem la informaci\u00f3 facilitada per l\u2019usuari a trav\u00e9s del mateix formulari de contacte. Aquesta informaci\u00f3 s&#8217;utilitza per respondre a les sol\u00b7licituds dels usuaris que s&#8217;inclouen al text del missatge i, per tant, respondre a aquestes sol\u00b7licituds.<\/p>\n\n<h3 class=\"wp-block-heading\">Formularis de subscripci\u00f3<\/h3>\n\n<p>Els formularis de subscripci\u00f3 s\u00f3n aquells en qu\u00e8 l\u2019usuari d\u00f3na el seu consentiment mitjan\u00e7ant el bot\u00f3 d\u2019enviament, un cop hagi proporcionat el seu correu electr\u00f2nic, el seu nom i hagi acceptat la pol\u00edtica de privadesa expl\u00edcita d\u2019aquest document.<\/p>\n\n<p>Aquestes dades s\u00f3n emmagatzemades pel propietari de la p\u00e0gina https:\/\/sunrisehomes.es\/, Bahia Palace Campus a trav\u00e9s de la plataforma de m\u00e0rqueting per correu electr\u00f2nic en l\u00ednia Mail Relay, de la qual es diu que el propietari \u00e9s l\u2019\u00fanic autoritzat per accedir a la mateixa p\u00e0gina que ja utilitza la informaci\u00f3. en ell.<\/p>\n\n<p>El propi propietari utilitzar\u00e0 la informaci\u00f3 de contacte per enviar informaci\u00f3 i promocions sobre productes, entrades i qualsevol canvi que es pugui produir al lloc web i que pugui ser d\u2019inter\u00e8s per a l\u2019usuari. El responsable de les dades, \u00e9s a dir, l\u2019usuari, pot cancel\u00b7lar la subscripci\u00f3 en qualsevol moment mitjan\u00e7ant l\u2019enlla\u00e7 \u201ccancel\u00b7lar la subscripci\u00f3\u201d que apareix en tots els correus electr\u00f2nics enviats als nostres subscriptors.<\/p>\n\n<h3 class=\"wp-block-heading\">Cookies<\/h3>\n\n<p>Si deixeu un comentari al nostre lloc, podeu triar desar el vostre nom, adre\u00e7a de correu electr\u00f2nic i lloc web a les cookies. Aix\u00f2 \u00e9s per la vostra comoditat, de manera que no haureu de tornar a emplenar les vostres dades quan deixeu un altre comentari. Aquestes cookies duraran un any.<\/p>\n\n<p>Si teniu un compte i us connecteu a aquest lloc, instal\u00b7larem una cookie temporal per determinar si el vostre navegador accepta cookies. Aquesta cookie no cont\u00e9 dades personals i s\u2019elimina en tancar el navegador.<\/p>\n\n<p>Quan accediu, tamb\u00e9 instal\u00b7larem diverses cookies per desar la informaci\u00f3 d\u2019acc\u00e9s i les opcions de visualitzaci\u00f3 de la pantalla. Les cookies d\u2019acc\u00e9s tenen una durada de dos dies i la visualitzaci\u00f3 de les opcions dura un any. Si seleccioneu \u00abRecorda&#8217;m\u00bb, l&#8217;acc\u00e9s durar\u00e0 dues setmanes. Si deixeu el vostre compte, s\u2019eliminaran les cookies d\u2019acc\u00e9s.<\/p>\n\n<p>Si editeu o publiqueu un article, es desar\u00e0 una galeta addicional al vostre navegador. Aquesta cookie no inclou dades personals i simplement indica l\u2019identificador de l\u2019article que acabeu d\u2019editar. Caduca al cap d\u2019un dia.<\/p>\n\n<h3 class=\"wp-block-heading\">Contingut incrustat d&#8217;altres llocs web<\/h3>\n\n<p>Els articles d\u2019aquest lloc poden incloure contingut incrustat (per exemple, v\u00eddeos, imatges, articles, etc.). El contingut incrustat d&#8217;altres llocs web es comporta exactament de la mateixa manera que si el visitant hagu\u00e9s visitat l&#8217;altre lloc web.<\/p>\n\n<p>Aquests llocs web poden recopilar dades sobre vosaltres, utilitzar cookies, incrustar un seguiment addicional de tercers i supervisar la vostra interacci\u00f3 amb aquest contingut incrustat, incl\u00f2s el seguiment de la vostra interacci\u00f3 amb contingut incrustat si teniu un compte i esteu connectat a aquest lloc web.<\/p>\n\n<h3 class=\"wp-block-heading\">Anal\u00edtica<\/h3>\n\n<p>El nostre lloc web est\u00e0 enlla\u00e7at a Google Analytics amb l\u2019\u00fanic prop\u00f2sit de recopilar dades demogr\u00e0fiques del nostre p\u00fablic<\/p>\n\n<h3 class=\"wp-block-heading\">Quant de temps conservem les vostres dades<\/h3>\n\n<p>Si deixeu un comentari, el comentari i les seves metadades es conservaran indefinidament. Aix\u00f2 \u00e9s aix\u00ed perqu\u00e8 puguem recon\u00e8ixer i aprovar autom\u00e0ticament comentaris successius, en lloc de mantenir-los en una cua de moderaci\u00f3.<\/p>\n\n<p>Dels usuaris que es registren al nostre lloc web (si n\u2019hi ha cap), tamb\u00e9 emmagatzemem la informaci\u00f3 personal que proporcionen al seu perfil d\u2019usuari. Tots els usuaris poden veure, editar o suprimir la seva informaci\u00f3 personal en qualsevol moment (excepte que no poden canviar el seu nom d&#8217;usuari). Els administradors web tamb\u00e9 poden visualitzar i editar aquesta informaci\u00f3.<\/p>\n\n<h3 class=\"wp-block-heading\">Quins drets teniu sobre les vostres dades<\/h3>\n\n<p>Si teniu un compte o heu deixat comentaris en aquest lloc web, podeu sol\u00b7licitar rebre un fitxer d\u2019exportaci\u00f3 de les dades personals que tenim sobre vosaltres, incloses les dades que ens h\u00e0giu proporcionat. Tamb\u00e9 podeu sol\u00b7licitar que suprimim qualsevol dada personal que tinguem sobre vosaltres. Aix\u00f2 no inclou cap dada que estiguem obligats a conservar per motius administratius, legals o de seguretat.<\/p>\n\n<h3 class=\"wp-block-heading\">On enviam les seves dades<\/h3>\n\n<p>Un servei de detecci\u00f3 autom\u00e0tica de correu brossa pot revisar els comentaris dels visitants.<\/p>\n\n<p>Google Analytics recopila informaci\u00f3 demogr\u00e0fica per a \u00fas exclusiu del responsable del Campus de Bahia Palace, Ivan David Lacroix, per tal de saber qui visita aquest lloc web.<\/p>\n\n<h2 class=\"wp-block-heading\"><p>Control of your personal information<\/p><\/h2>\n\n<p><p>At any time you may restrict the collection or use of personal information that is provided to our website. Each time you are asked to fill out a form, such as user registration, you can check or uncheck the option to receive information by email. In case you have marked the option to receive our newsletter or advertising you can cancel it at any time.<br\/>This company will not sell, assign, or distribute personal information that is collected without your consent unless required by a judge with a court order.<br\/>Sunrise Homes reserves the right to change the terms of this Privacy Policy<\/p><\/p>\n","protected":false},"excerpt":{"rendered":"<p>pol\u00edtica de protecci\u00f3 de dades Aquesta Pol\u00edtica de privadesa estableix els termes en qu\u00e8 Sunrise Homes utilitza i protegeix la informaci\u00f3 que els seus usuaris proporcionen quan utilitzen el seu lloc web. Aquesta empresa es compromet amb la seguretat de les dades dels seus usuaris. Quan us demanem que empleneu els camps d\u2019informaci\u00f3 personal amb [&hellip;]<\/p>\n","protected":false},"author":1,"featured_media":0,"parent":0,"menu_order":0,"comment_status":"closed","ping_status":"open","template":"","meta":{"site-sidebar-layout":"default","site-content-layout":"default","ast-site-content-layout":"default","site-content-style":"default","site-sidebar-style":"default","ast-global-header-display":"","ast-banner-title-visibility":"","ast-main-header-display":"","ast-hfb-above-header-display":"","ast-hfb-below-header-display":"","ast-hfb-mobile-header-display":"","site-post-title":"","ast-breadcrumbs-content":"","ast-featured-img":"","footer-sml-layout":"","theme-transparent-header-meta":"default","adv-header-id-meta":"","stick-header-meta":"","header-above-stick-meta":"","header-main-stick-meta":"","header-below-stick-meta":"","astra-migrate-meta-layouts":"default","ast-page-background-enabled":"default","ast-page-background-meta":{"desktop":{"background-color":"","background-image":"","background-repeat":"repeat","background-position":"center center","background-size":"auto","background-attachment":"scroll","background-type":"","background-media":"","overlay-type":"","overlay-color":"","overlay-opacity":"","overlay-gradient":""},"tablet":{"background-color":"","background-image":"","background-repeat":"repeat","background-position":"center center","background-size":"auto","background-attachment":"scroll","background-type":"","background-media":"","overlay-type":"","overlay-color":"","overlay-opacity":"","overlay-gradient":""},"mobile":{"background-color":"","background-image":"","background-repeat":"repeat","background-position":"center center","background-size":"auto","background-attachment":"scroll","background-type":"","background-media":"","overlay-type":"","overlay-color":"","overlay-opacity":"","overlay-gradient":""}},"ast-content-background-meta":{"desktop":{"background-color":"var(--ast-global-color-5)","background-image":"","background-repeat":"repeat","background-position":"center center","background-size":"auto","background-attachment":"scroll","background-type":"","background-media":"","overlay-type":"","overlay-color":"","overlay-opacity":"","overlay-gradient":""},"tablet":{"background-color":"var(--ast-global-color-5)","background-image":"","background-repeat":"repeat","background-position":"center center","background-size":"auto","background-attachment":"scroll","background-type":"","background-media":"","overlay-type":"","overlay-color":"","overlay-opacity":"","overlay-gradient":""},"mobile":{"background-color":"var(--ast-global-color-5)","background-image":"","background-repeat":"repeat","background-position":"center center","background-size":"auto","background-attachment":"scroll","background-type":"","background-media":"","overlay-type":"","overlay-color":"","overlay-opacity":"","overlay-gradient":""}},"_joinchat":[],"footnotes":""},"class_list":["post-26","page","type-page","status-publish","hentry"],"yoast_head":"<!-- This site is optimized with the Yoast SEO plugin v26.1.1 - https:\/\/yoast.com\/wordpress\/plugins\/seo\/ -->\n<title>Pol\u00edtica de privacitat - Sunrise Homes<\/title>\n<meta name=\"robots\" content=\"index, follow, max-snippet:-1, max-image-preview:large, max-video-preview:-1\" \/>\n<link rel=\"canonical\" href=\"https:\/\/sunrisehomes.es\/index.php\/politica-de-privacitat\/\" \/>\n<meta property=\"og:locale\" content=\"es_ES\" \/>\n<meta property=\"og:type\" content=\"article\" \/>\n<meta property=\"og:title\" content=\"Pol\u00edtica de privacitat - Sunrise Homes\" \/>\n<meta property=\"og:description\" content=\"pol\u00edtica de protecci\u00f3 de dades Aquesta Pol\u00edtica de privadesa estableix els termes en qu\u00e8 Sunrise Homes utilitza i protegeix la informaci\u00f3 que els seus usuaris proporcionen quan utilitzen el seu lloc web. Aquesta empresa es compromet amb la seguretat de les dades dels seus usuaris. Quan us demanem que empleneu els camps d\u2019informaci\u00f3 personal amb [&hellip;]\" \/>\n<meta property=\"og:url\" content=\"https:\/\/sunrisehomes.es\/index.php\/politica-de-privacitat\/?lang=ca\" \/>\n<meta property=\"og:site_name\" content=\"Sunrise Homes\" \/>\n<meta property=\"article:modified_time\" content=\"2020-11-13T21:19:24+00:00\" \/>\n<meta name=\"twitter:card\" content=\"summary_large_image\" \/>\n<meta name=\"twitter:label1\" content=\"Tiempo de lectura\" \/>\n\t<meta name=\"twitter:data1\" content=\"7 minutos\" \/>\n<script type=\"application\/ld+json\" class=\"yoast-schema-graph\">{\"@context\":\"https:\/\/schema.org\",\"@graph\":[{\"@type\":\"WebPage\",\"@id\":\"https:\/\/sunrisehomes.es\/index.php\/politica-de-privacitat\/?lang=ca\",\"url\":\"https:\/\/sunrisehomes.es\/index.php\/politica-de-privacitat\/?lang=ca\",\"name\":\"Pol\u00edtica de privacitat - Sunrise Homes\",\"isPartOf\":{\"@id\":\"https:\/\/sunrisehomes.es\/#website\"},\"datePublished\":\"2020-09-09T15:38:02+00:00\",\"dateModified\":\"2020-11-13T21:19:24+00:00\",\"breadcrumb\":{\"@id\":\"https:\/\/sunrisehomes.es\/index.php\/politica-de-privacitat\/?lang=ca#breadcrumb\"},\"inLanguage\":\"es\",\"potentialAction\":[{\"@type\":\"ReadAction\",\"target\":[\"https:\/\/sunrisehomes.es\/index.php\/politica-de-privacitat\/?lang=ca\"]}]},{\"@type\":\"BreadcrumbList\",\"@id\":\"https:\/\/sunrisehomes.es\/index.php\/politica-de-privacitat\/?lang=ca#breadcrumb\",\"itemListElement\":[{\"@type\":\"ListItem\",\"position\":1,\"name\":\"Portada\",\"item\":\"https:\/\/sunrisehomes.es\/\"},{\"@type\":\"ListItem\",\"position\":2,\"name\":\"Pol\u00edtica de privacitat\"}]},{\"@type\":\"WebSite\",\"@id\":\"https:\/\/sunrisehomes.es\/#website\",\"url\":\"https:\/\/sunrisehomes.es\/\",\"name\":\"Sunrise Homes\",\"description\":\"Casas y apartamentos turisticos cerca de barcelona y la costa daurada\",\"publisher\":{\"@id\":\"https:\/\/sunrisehomes.es\/#organization\"},\"potentialAction\":[{\"@type\":\"SearchAction\",\"target\":{\"@type\":\"EntryPoint\",\"urlTemplate\":\"https:\/\/sunrisehomes.es\/?s={search_term_string}\"},\"query-input\":{\"@type\":\"PropertyValueSpecification\",\"valueRequired\":true,\"valueName\":\"search_term_string\"}}],\"inLanguage\":\"es\"},{\"@type\":\"Organization\",\"@id\":\"https:\/\/sunrisehomes.es\/#organization\",\"name\":\"Sunrise Homes\",\"url\":\"https:\/\/sunrisehomes.es\/\",\"logo\":{\"@type\":\"ImageObject\",\"inLanguage\":\"es\",\"@id\":\"https:\/\/sunrisehomes.es\/#\/schema\/logo\/image\/\",\"url\":\"https:\/\/sunrisehomes.es\/wp-content\/uploads\/2020\/10\/Logo_sunrise-homes-02-3.png\",\"contentUrl\":\"https:\/\/sunrisehomes.es\/wp-content\/uploads\/2020\/10\/Logo_sunrise-homes-02-3.png\",\"width\":1851,\"height\":363,\"caption\":\"Sunrise Homes\"},\"image\":{\"@id\":\"https:\/\/sunrisehomes.es\/#\/schema\/logo\/image\/\"}}]}<\/script>\n<!-- \/ Yoast SEO plugin. -->","yoast_head_json":{"title":"Pol\u00edtica de privacitat - Sunrise Homes","robots":{"index":"index","follow":"follow","max-snippet":"max-snippet:-1","max-image-preview":"max-image-preview:large","max-video-preview":"max-video-preview:-1"},"canonical":"https:\/\/sunrisehomes.es\/index.php\/politica-de-privacitat\/","og_locale":"es_ES","og_type":"article","og_title":"Pol\u00edtica de privacitat - Sunrise Homes","og_description":"pol\u00edtica de protecci\u00f3 de dades Aquesta Pol\u00edtica de privadesa estableix els termes en qu\u00e8 Sunrise Homes utilitza i protegeix la informaci\u00f3 que els seus usuaris proporcionen quan utilitzen el seu lloc web. Aquesta empresa es compromet amb la seguretat de les dades dels seus usuaris. Quan us demanem que empleneu els camps d\u2019informaci\u00f3 personal amb [&hellip;]","og_url":"https:\/\/sunrisehomes.es\/index.php\/politica-de-privacitat\/?lang=ca","og_site_name":"Sunrise Homes","article_modified_time":"2020-11-13T21:19:24+00:00","twitter_card":"summary_large_image","twitter_misc":{"Tiempo de lectura":"7 minutos"},"schema":{"@context":"https:\/\/schema.org","@graph":[{"@type":"WebPage","@id":"https:\/\/sunrisehomes.es\/index.php\/politica-de-privacitat\/?lang=ca","url":"https:\/\/sunrisehomes.es\/index.php\/politica-de-privacitat\/?lang=ca","name":"Pol\u00edtica de privacitat - Sunrise Homes","isPartOf":{"@id":"https:\/\/sunrisehomes.es\/#website"},"datePublished":"2020-09-09T15:38:02+00:00","dateModified":"2020-11-13T21:19:24+00:00","breadcrumb":{"@id":"https:\/\/sunrisehomes.es\/index.php\/politica-de-privacitat\/?lang=ca#breadcrumb"},"inLanguage":"es","potentialAction":[{"@type":"ReadAction","target":["https:\/\/sunrisehomes.es\/index.php\/politica-de-privacitat\/?lang=ca"]}]},{"@type":"BreadcrumbList","@id":"https:\/\/sunrisehomes.es\/index.php\/politica-de-privacitat\/?lang=ca#breadcrumb","itemListElement":[{"@type":"ListItem","position":1,"name":"Portada","item":"https:\/\/sunrisehomes.es\/"},{"@type":"ListItem","position":2,"name":"Pol\u00edtica de privacitat"}]},{"@type":"WebSite","@id":"https:\/\/sunrisehomes.es\/#website","url":"https:\/\/sunrisehomes.es\/","name":"Sunrise Homes","description":"Casas y apartamentos turisticos cerca de barcelona y la costa daurada","publisher":{"@id":"https:\/\/sunrisehomes.es\/#organization"},"potentialAction":[{"@type":"SearchAction","target":{"@type":"EntryPoint","urlTemplate":"https:\/\/sunrisehomes.es\/?s={search_term_string}"},"query-input":{"@type":"PropertyValueSpecification","valueRequired":true,"valueName":"search_term_string"}}],"inLanguage":"es"},{"@type":"Organization","@id":"https:\/\/sunrisehomes.es\/#organization","name":"Sunrise Homes","url":"https:\/\/sunrisehomes.es\/","logo":{"@type":"ImageObject","inLanguage":"es","@id":"https:\/\/sunrisehomes.es\/#\/schema\/logo\/image\/","url":"https:\/\/sunrisehomes.es\/wp-content\/uploads\/2020\/10\/Logo_sunrise-homes-02-3.png","contentUrl":"https:\/\/sunrisehomes.es\/wp-content\/uploads\/2020\/10\/Logo_sunrise-homes-02-3.png","width":1851,"height":363,"caption":"Sunrise Homes"},"image":{"@id":"https:\/\/sunrisehomes.es\/#\/schema\/logo\/image\/"}}]}},"_links":{"self":[{"href":"https:\/\/sunrisehomes.es\/index.php\/wp-json\/wp\/v2\/pages\/26","targetHints":{"allow":["GET"]}}],"collection":[{"href":"https:\/\/sunrisehomes.es\/index.php\/wp-json\/wp\/v2\/pages"}],"about":[{"href":"https:\/\/sunrisehomes.es\/index.php\/wp-json\/wp\/v2\/types\/page"}],"author":[{"embeddable":true,"href":"https:\/\/sunrisehomes.es\/index.php\/wp-json\/wp\/v2\/users\/1"}],"replies":[{"embeddable":true,"href":"https:\/\/sunrisehomes.es\/index.php\/wp-json\/wp\/v2\/comments?post=26"}],"version-history":[{"count":4,"href":"https:\/\/sunrisehomes.es\/index.php\/wp-json\/wp\/v2\/pages\/26\/revisions"}],"predecessor-version":[{"id":1386,"href":"https:\/\/sunrisehomes.es\/index.php\/wp-json\/wp\/v2\/pages\/26\/revisions\/1386"}],"wp:attachment":[{"href":"https:\/\/sunrisehomes.es\/index.php\/wp-json\/wp\/v2\/media?parent=26"}],"curies":[{"name":"wp","href":"https:\/\/api.w.org\/{rel}","templated":true}]}}