{"id":41,"date":"2020-09-12T09:38:45","date_gmt":"2020-09-12T09:38:45","guid":{"rendered":"https:\/\/sunrisehomes.es\/index.php\/aviso-legal\/"},"modified":"2020-09-13T09:21:13","modified_gmt":"2020-09-13T09:21:13","slug":"avis-legal","status":"publish","type":"page","link":"https:\/\/sunrisehomes.es\/index.php\/avis-legal\/?lang=ca","title":{"rendered":"Av\u00eds legal"},"content":{"rendered":"\n<h2 class=\"wp-block-heading\">Av\u00eds legal i termes d&#8217;\u00fas<\/h2>\n\n\n\n<p>En aquest espai, l&#8217;USUARI, podr\u00e0 trobar tota la informaci\u00f3 relativa als termes i condicions legals que defineixen les relacions entre els usuaris i nosaltres com a responsables d&#8217;aquesta web. Com a usuari, \u00e9s important que coneguis aquests termes abans de continuar la teva navegaci\u00f3. Marc Lacroix i Ivan David Lacroix.Como, responsables d&#8217;aquesta web, assumeixen el comprom\u00eds de processar la informaci\u00f3 dels nostres usuaris i clients amb plenes garanties i complir amb els requisits nacionals i europeus que regulen la recopilaci\u00f3 i \u00fas de les dades personals dels nostres usuaris . Aquest web, per tant, compleix rigorosament amb el RGPD (REGLAMENT (UE) 2016\/679 de protecci\u00f3 de dades) i la LSSI-CE la Llei 34\/2002, de 11 de juliol, de serveis de la societat de la informaci\u00f3 i de comer\u00e7 electr\u00f2nic.<\/p>\n\n\n\n<h3 class=\"wp-block-heading\">CONDICIONS GENERALS D&#8217;\u00daS<\/h3>\n\n\n\n<p>Les presents condicions generals regulen l&#8217;\u00fas (incloent el mer acc\u00e9s) de les p\u00e0gines del web, integrants de la p\u00e0gina web de https:\/\/sunrisehomes.es inclosos els continguts i serveis posats a disposici\u00f3 en elles. Tota persona que accedeixi a la web, https:\/\/sunrisehomes.es ( \u00abUsuari\u00bb) accepta sotmetre a les Condicions Generals vigents en cada moment de l&#8217;portal https:\/\/sunrisehomes.es<\/p>\n\n\n\n<h3 class=\"wp-block-heading\">DADES PERSONALS que recollim i COM HO FEM<\/h3>\n\n\n\n<p>Llegir <a href=\"https:\/\/sunrisehomes.es\/index.php\/politica-de-privacitat\/?lang=ca\" data-type=\"page\" data-id=\"26\">Pol\u00edtica de Privacitat<\/a><\/p>\n\n\n\n<h3 class=\"wp-block-heading\">COMPROMISOS I OBLIGACIONS DELS USUARIS<\/h3>\n\n\n\n<p>L&#8217;Usuari queda informat, i accepta, que l&#8217;acc\u00e9s a la present web no suposa, de cap manera, l&#8217;inici d&#8217;una relaci\u00f3 comercial amb https:\/\/sunrisehomes.es. D&#8217;aquesta manera, l&#8217;usuari es compromet a utilitzar el lloc web, els seus serveis i continguts sense contravenir la legislaci\u00f3 vigent, la bona fe i l&#8217;ordre p\u00fablic.<br>Queda prohibit l&#8217;\u00fas del web, amb fins il\u00b7l\u00edcits o lesius, o que, de qualsevol forma, puguin causar perjudici o impedir el normal funcionament de la p\u00e0gina web. Respecte dels continguts d&#8217;aquesta web, es prohibeix: La seva reproducci\u00f3, distribuci\u00f3 o modificaci\u00f3, total o parcial, llevat que es compti amb l&#8217;autoritzaci\u00f3 dels seus leg\u00edtims titulars; Qualsevol vulneraci\u00f3 dels drets de l&#8217;prestador o dels leg\u00edtims titulars; La seva utilitzaci\u00f3 per a fins comercials o publicitaris.<\/p>\n\n\n\n<p>En la utilitzaci\u00f3 del web, https:\/\/sunrisehomes.es, l&#8217;Usuari es compromet a no dur a terme cap conducta que pogu\u00e9s danyar la imatge, els interessos i els drets de https:\/\/sunrisehomes.es o de tercers o que pogu\u00e9s danyar, inutilitzar o sobrecarregar el portal (indicar domini) o que imped\u00eds, de qualsevol forma, la normal utilitzaci\u00f3 del web. No obstant aix\u00f2, l&#8217;Usuari ha de ser conscient que les mesures de seguretat dels sistemes inform\u00e0tics a Internet no s\u00f3n enterament fiables i que, per tant https:\/\/sunrisehomes.es no pot garantir la inexist\u00e8ncia de virus o altres elements que puguin produir alteracions en els sistemes inform\u00e0tics (programari i maquinari) de l&#8217;Usuari o en els seus documents electr\u00f2nics i fitxers continguts en els mateixos.<\/p>\n\n\n\n<h3 class=\"wp-block-heading\">MESURES DE SEGURETAT<\/h3>\n\n\n\n<p>Les dades personals comunicades per l&#8217;usuari a https:\/\/sunrisehomes.es poden ser emmagatzemats en bases de dades automatitzades o no, la titularitat correspon en exclusiva a https:\/\/sunrisehomes.es, assumint aquesta totes les mesures d&#8217;\u00edndole t\u00e8cnica, organitzativa i de seguretat que garanteixen la confidencialitat, integritat i qualitat de la informaci\u00f3 continguda en les mateixes d&#8217;acord amb el que estableix la normativa vigent en protecci\u00f3 de dades.<br>La comunicaci\u00f3 entre els usuaris i https:\/\/sunrisehomes.es utilitza un canal segur, i les dades transmeses s\u00f3n xifrades gr\u00e0cies a protocols a https, per tant, garantim les millors condicions de seguretat perqu\u00e8 la confidencialitat dels usuaris estigui garantida.<\/p>\n\n\n\n<h3 class=\"wp-block-heading\">RECLAMACIONS<\/h3>\n\n\n\n<p>https:\/\/sunrisehomes.es informa que hi ha fulls de reclamaci\u00f3 a disposici\u00f3 d&#8217;usuaris i clients. L&#8217;Usuari podr\u00e0 realitzar reclamacions sol\u00b7licitant el seu full de reclamaci\u00f3 o enviant un correu electr\u00f2nic a info@sunrisehomes.es indicant el seu nom i cognoms, el servei i \/ o producte adquirit i exposant els motius de la seva reclamaci\u00f3.<\/p>\n\n\n\n<p>L&#8217;usuari \/ comprador podr\u00e0 notificar-nos la reclamaci\u00f3, b\u00e9 a trav\u00e9s de correu electr\u00f2nic a: info@sunrisehomes.es, si ho desitja adjuntant el seg\u00fcent formulari de reclamaci\u00f3: El servei \/ producte: Adquirit el dia: Nom de l&#8217;usuari: Domicili de l&#8217;usuari: signatura de l&#8217;usuari (nom\u00e9s si es presenta en paper): Data: Motiu de la reclamaci\u00f3:<\/p>\n\n\n\n<h3 class=\"wp-block-heading\">PLATAFORMA DE RESOLUCI\u00d3 DE CONFLICTES<\/h3>\n\n\n\n<p>Per si pot ser del teu inter\u00e8s, per sotmetre les teves reclamacions pots utilitzar tamb\u00e9 la plataforma de resoluci\u00f3 de litigis que facilita la Comissi\u00f3 Europea i que es troba disponible en el seg\u00fcent enlla\u00e7: http:\/\/ec.europa.eu\/consumers\/odr\/<\/p>\n\n\n\n<h3 class=\"wp-block-heading\">DRETS DE PROPIETAT INTEL\u00b7LECTUAL I INDUSTRIAL<\/h3>\n\n\n\n<p>En virtut del que disposen els articles 8 i 32.1, par\u00e0graf segon, de la Llei de Propietat Intel\u00b7lectual, queden expressament prohibides la reproducci\u00f3, la distribuci\u00f3 i la comunicaci\u00f3 p\u00fablica, inclosa la seva modalitat de posada a disposici\u00f3, de la totalitat o part dels continguts d&#8217;aquesta p\u00e0gina web, amb fins comercials, en qualsevol suport i per qualsevol mitj\u00e0 t\u00e8cnic, sense l&#8217;autoritzaci\u00f3 de https:\/\/sunrisehomes.es. L&#8217;usuari es compromet a respectar els drets de Propietat Intel\u00b7lectual i Industrial titularitat de https:\/\/sunrisehomes.es.<br>L&#8217;usuari coneix i accepta que la totalitat de la p\u00e0gina web, contenint sense car\u00e0cter exhaustiu el text, programari, continguts (incloent estructura, selecci\u00f3, ordenaci\u00f3 i presentaci\u00f3 dels mateixos) podcast, fotografies, material audiovisual i gr\u00e0fics, est\u00e0 protegida per marques, drets d&#8217;autor i altres drets leg\u00edtims, d&#8217;acord amb els tractats internacionals en els quals Espanya \u00e9s part i altres drets de propietat i lleis d&#8217;Espanya. En el cas que un usuari o un tercer considerin que s&#8217;ha produ\u00eft una violaci\u00f3 dels seus leg\u00edtims drets de propietat intel\u00b7lectual per la introducci\u00f3 d&#8217;un determinat contingut a la web, haur\u00e0 de notificar aquesta circumst\u00e0ncia a https:\/\/sunrisehomes.es indicant:<\/p>\n\n\n\n<ul class=\"wp-block-list\"><li>Dades personals de l&#8217;interessat titular dels drets presumptament infringits, o indicar la representaci\u00f3 amb la qual actua en cas que la reclamaci\u00f3 la present un tercer diferent de l&#8217;interessat.<\/li><li>Assenyalar els continguts protegits pels drets de propietat intel\u00b7lectual i la seva ubicaci\u00f3 a la web, l&#8217;acreditaci\u00f3 dels drets de propietat intel\u00b7lectual assenyalats i declaraci\u00f3 expressa en qu\u00e8 l&#8217;interessat es responsabilitza de la veracitat de les informacions facilitades en la notificaci\u00f3<\/li><\/ul>\n\n\n\n<h3 class=\"wp-block-heading\">ENLLA\u00c7OS EXTERNS<\/h3>\n\n\n\n<p>Les p\u00e0gines del web https:\/\/sunrisehomes.es podria proporcionar enlla\u00e7os a altres llocs web propis i continguts que s\u00f3n propietat de tercers. L&#8217;\u00fanic objecte dels enlla\u00e7os \u00e9s proporcionar a l&#8217;Usuari la possibilitat d&#8217;accedir a aquests enlla\u00e7os. https:\/\/sunrisehomes.es no es responsabilitza en cap cas dels resultats que puguin derivar-se a l&#8217;Usuari per acc\u00e9s a aquests enlla\u00e7os.<br>Aix\u00ed mateix, l&#8217;usuari trobar\u00e0 dins d&#8217;aquest lloc, p\u00e0gines, promocions, programes d&#8217;afiliats que accedeixen als h\u00e0bits de navegaci\u00f3 dels usuaris per establir perfils. Aquesta informaci\u00f3 sempre \u00e9s an\u00f2nima i no s&#8217;identifica a l&#8217;usuari.<\/p>\n\n\n\n<p>La Informaci\u00f3 que es proporcioni en aquests Llocs patrocinat o enlla\u00e7os d&#8217;afiliats est\u00e0 subjecta a les pol\u00edtiques de privacitat que s&#8217;utilitzin en aquests Llocs i no estar\u00e0 subjecta a aquesta pol\u00edtica de privacitat. Pel que recomanem \u00e0mpliament als Usuaris a revisar detalladament les pol\u00edtiques de privacitat dels enlla\u00e7os d&#8217;afiliat.<br>L&#8217;Usuari que es proposi establir qualsevol dispositiu t\u00e8cnic d&#8217;enlla\u00e7 des del seu lloc web a el portal https:\/\/sunrisehomes.es haur\u00e0 d&#8217;obtenir l&#8217;autoritzaci\u00f3 pr\u00e8via i escrita de https:\/\/sunrisehomes.es L&#8217;establiment de l&#8217;enlla\u00e7 no implica en cap cas l&#8217;exist\u00e8ncia de relacions entre https:\/\/sunrisehomes.es i el propietari de el lloc en qu\u00e8 s&#8217;estableixi l&#8217;enlla\u00e7, ni l&#8217;acceptaci\u00f3 o aprovaci\u00f3 per part de https:\/\/sunrisehomes.es dels seus continguts o serveis<\/p>\n\n\n\n<h3 class=\"wp-block-heading\">POL\u00cdTICA DE COMENTARIS<\/h3>\n\n\n\n<p>A la nostra web i es permeten fer comentaris per enriquir els continguts i realitzar consultes. No s&#8217;admetran comentaris que no estiguin relacionats amb la tem\u00e0tica d&#8217;aquest web, que incloguin difamacions, greuges, insults, atacs personals o faltes de respecte en general cap a l&#8217;autor o cap a altres membres. Tamb\u00e9 seran suprimits els comentaris que continguin informaci\u00f3 que sigui \u00f2bviament enganyosa o falsa, aix\u00ed com els comentaris que continguin informaci\u00f3 personal, com, per exemple, domicilis privat o tel\u00e8fons i que vulnerin la nostra pol\u00edtica de protecci\u00f3 de dades.<br>Es desestimar\u00e0, igualment, aquells comentaris creats nom\u00e9s amb fins promocionals d&#8217;una web, persona o col\u00b7lectiu i tot el que pugui ser considerat spam en general.<br>No es permeten comentaris an\u00f2nims, aix\u00ed com aquells realitzats per una mateixa persona amb diferents sobrenoms. No es consideraran tampoc aquells comentaris que intentin for\u00e7ar un debat o una presa de postura per un altre usuari.<\/p>\n\n\n\n<h3 class=\"wp-block-heading\">EXCLUSI\u00d3 DE GARANTIES I RESPONSABILITAT<\/h3>\n\n\n\n<p>El prestador no atorga cap garantia ni es fa responsable, en cap cas, dels danys i perjudicis de qualsevol naturalesa que es puguin derivar de:<\/p>\n\n\n\n<ul class=\"wp-block-list\"><li>La manca de disponibilitat, manteniment i efectiu funcionament del web, o dels seus serveis i continguts;<\/li><li>L&#8217;exist\u00e8ncia de virus, programes maliciosos o lesius en els continguts;<\/li><li>L&#8217;\u00fas il\u00b7l\u00edcit, negligent, fraudulent o contrari a aquest Av\u00eds Legal;<\/li><li>La falta de licitud, qualitat, fiabilitat, utilitat i disponibilitat dels serveis prestats per tercers i posats a disposici\u00f3 dels usuaris al lloc web.<\/li><li>El prestador no es fa responsable en cap concepte dels danys que poguessin dimanar de l&#8217;\u00fas il\u00b7legal o indegut de la present p\u00e0gina web.<\/li><\/ul>\n\n\n\n<h2 class=\"wp-block-heading\">Llei aplicable i jurisdicci\u00f3<\/h2>\n\n\n\n<p>Amb car\u00e0cter general les relacions entre https:\/\/sunrisehomes.es amb els Usuaris dels seus serveis telem\u00e0tics, presents en aquesta web es troben sotmeses a la legislaci\u00f3 i jurisdicci\u00f3 espanyoles i als tribunals.<\/p>\n\n\n\n<h3 class=\"wp-block-heading\">CONTACTE<\/h3>\n\n\n\n<p>En cas que qualsevol Usuari tingu\u00e9s algun dubte sobre aquestes Condicions legals o qualsevol comentari sobre el portal https:\/\/sunrisehomes.es, si us plau dirigiu-vos a info@sunrisehomes.es<\/p>\n\n\n\n<p>De part de l&#8217;equip que formem Marc Lacroix i Ivan David Lacroix t&#8217;agra\u00efm el temps dedicat a llegir aquest Av\u00eds Legal<\/p>\n","protected":false},"excerpt":{"rendered":"<p>Av\u00eds legal i termes d&#8217;\u00fas En aquest espai, l&#8217;USUARI, podr\u00e0 trobar tota la informaci\u00f3 relativa als termes i condicions legals que defineixen les relacions entre els usuaris i nosaltres com a responsables d&#8217;aquesta web. Com a usuari, \u00e9s important que coneguis aquests termes abans de continuar la teva navegaci\u00f3. Marc Lacroix i Ivan David Lacroix.Como, [&hellip;]<\/p>\n","protected":false},"author":2,"featured_media":0,"parent":0,"menu_order":0,"comment_status":"closed","ping_status":"closed","template":"","meta":{"site-sidebar-layout":"default","site-content-layout":"default","ast-site-content-layout":"default","site-content-style":"default","site-sidebar-style":"default","ast-global-header-display":"","ast-banner-title-visibility":"","ast-main-header-display":"","ast-hfb-above-header-display":"","ast-hfb-below-header-display":"","ast-hfb-mobile-header-display":"","site-post-title":"","ast-breadcrumbs-content":"","ast-featured-img":"","footer-sml-layout":"","theme-transparent-header-meta":"default","adv-header-id-meta":"","stick-header-meta":"","header-above-stick-meta":"","header-main-stick-meta":"","header-below-stick-meta":"","astra-migrate-meta-layouts":"default","ast-page-background-enabled":"default","ast-page-background-meta":{"desktop":{"background-color":"","background-image":"","background-repeat":"repeat","background-position":"center center","background-size":"auto","background-attachment":"scroll","background-type":"","background-media":"","overlay-type":"","overlay-color":"","overlay-opacity":"","overlay-gradient":""},"tablet":{"background-color":"","background-image":"","background-repeat":"repeat","background-position":"center center","background-size":"auto","background-attachment":"scroll","background-type":"","background-media":"","overlay-type":"","overlay-color":"","overlay-opacity":"","overlay-gradient":""},"mobile":{"background-color":"","background-image":"","background-repeat":"repeat","background-position":"center center","background-size":"auto","background-attachment":"scroll","background-type":"","background-media":"","overlay-type":"","overlay-color":"","overlay-opacity":"","overlay-gradient":""}},"ast-content-background-meta":{"desktop":{"background-color":"var(--ast-global-color-5)","background-image":"","background-repeat":"repeat","background-position":"center center","background-size":"auto","background-attachment":"scroll","background-type":"","background-media":"","overlay-type":"","overlay-color":"","overlay-opacity":"","overlay-gradient":""},"tablet":{"background-color":"var(--ast-global-color-5)","background-image":"","background-repeat":"repeat","background-position":"center center","background-size":"auto","background-attachment":"scroll","background-type":"","background-media":"","overlay-type":"","overlay-color":"","overlay-opacity":"","overlay-gradient":""},"mobile":{"background-color":"var(--ast-global-color-5)","background-image":"","background-repeat":"repeat","background-position":"center center","background-size":"auto","background-attachment":"scroll","background-type":"","background-media":"","overlay-type":"","overlay-color":"","overlay-opacity":"","overlay-gradient":""}},"_joinchat":[],"footnotes":""},"class_list":["post-41","page","type-page","status-publish","hentry"],"yoast_head":"<!-- This site is optimized with the Yoast SEO plugin v26.1.1 - https:\/\/yoast.com\/wordpress\/plugins\/seo\/ -->\n<title>Av\u00eds legal - Sunrise Homes<\/title>\n<meta name=\"robots\" content=\"index, follow, max-snippet:-1, max-image-preview:large, max-video-preview:-1\" \/>\n<link rel=\"canonical\" href=\"https:\/\/sunrisehomes.es\/index.php\/avis-legal\/\" \/>\n<meta property=\"og:locale\" content=\"es_ES\" \/>\n<meta property=\"og:type\" content=\"article\" \/>\n<meta property=\"og:title\" content=\"Av\u00eds legal - Sunrise Homes\" \/>\n<meta property=\"og:description\" content=\"Av\u00eds legal i termes d&#8217;\u00fas En aquest espai, l&#8217;USUARI, podr\u00e0 trobar tota la informaci\u00f3 relativa als termes i condicions legals que defineixen les relacions entre els usuaris i nosaltres com a responsables d&#8217;aquesta web. Com a usuari, \u00e9s important que coneguis aquests termes abans de continuar la teva navegaci\u00f3. Marc Lacroix i Ivan David Lacroix.Como, [&hellip;]\" \/>\n<meta property=\"og:url\" content=\"https:\/\/sunrisehomes.es\/index.php\/avis-legal\/?lang=ca\" \/>\n<meta property=\"og:site_name\" content=\"Sunrise Homes\" \/>\n<meta property=\"article:modified_time\" content=\"2020-09-13T09:21:13+00:00\" \/>\n<meta name=\"twitter:card\" content=\"summary_large_image\" \/>\n<meta name=\"twitter:label1\" content=\"Tiempo de lectura\" \/>\n\t<meta name=\"twitter:data1\" content=\"8 minutos\" \/>\n<script type=\"application\/ld+json\" class=\"yoast-schema-graph\">{\"@context\":\"https:\/\/schema.org\",\"@graph\":[{\"@type\":\"WebPage\",\"@id\":\"https:\/\/sunrisehomes.es\/index.php\/avis-legal\/?lang=ca\",\"url\":\"https:\/\/sunrisehomes.es\/index.php\/avis-legal\/?lang=ca\",\"name\":\"Av\u00eds legal - Sunrise Homes\",\"isPartOf\":{\"@id\":\"https:\/\/sunrisehomes.es\/#website\"},\"datePublished\":\"2020-09-12T09:38:45+00:00\",\"dateModified\":\"2020-09-13T09:21:13+00:00\",\"breadcrumb\":{\"@id\":\"https:\/\/sunrisehomes.es\/index.php\/avis-legal\/?lang=ca#breadcrumb\"},\"inLanguage\":\"es\",\"potentialAction\":[{\"@type\":\"ReadAction\",\"target\":[\"https:\/\/sunrisehomes.es\/index.php\/avis-legal\/?lang=ca\"]}]},{\"@type\":\"BreadcrumbList\",\"@id\":\"https:\/\/sunrisehomes.es\/index.php\/avis-legal\/?lang=ca#breadcrumb\",\"itemListElement\":[{\"@type\":\"ListItem\",\"position\":1,\"name\":\"Portada\",\"item\":\"https:\/\/sunrisehomes.es\/\"},{\"@type\":\"ListItem\",\"position\":2,\"name\":\"Av\u00eds legal\"}]},{\"@type\":\"WebSite\",\"@id\":\"https:\/\/sunrisehomes.es\/#website\",\"url\":\"https:\/\/sunrisehomes.es\/\",\"name\":\"Sunrise Homes\",\"description\":\"Casas y apartamentos turisticos cerca de barcelona y la costa daurada\",\"publisher\":{\"@id\":\"https:\/\/sunrisehomes.es\/#organization\"},\"potentialAction\":[{\"@type\":\"SearchAction\",\"target\":{\"@type\":\"EntryPoint\",\"urlTemplate\":\"https:\/\/sunrisehomes.es\/?s={search_term_string}\"},\"query-input\":{\"@type\":\"PropertyValueSpecification\",\"valueRequired\":true,\"valueName\":\"search_term_string\"}}],\"inLanguage\":\"es\"},{\"@type\":\"Organization\",\"@id\":\"https:\/\/sunrisehomes.es\/#organization\",\"name\":\"Sunrise Homes\",\"url\":\"https:\/\/sunrisehomes.es\/\",\"logo\":{\"@type\":\"ImageObject\",\"inLanguage\":\"es\",\"@id\":\"https:\/\/sunrisehomes.es\/#\/schema\/logo\/image\/\",\"url\":\"https:\/\/sunrisehomes.es\/wp-content\/uploads\/2020\/10\/Logo_sunrise-homes-02-3.png\",\"contentUrl\":\"https:\/\/sunrisehomes.es\/wp-content\/uploads\/2020\/10\/Logo_sunrise-homes-02-3.png\",\"width\":1851,\"height\":363,\"caption\":\"Sunrise Homes\"},\"image\":{\"@id\":\"https:\/\/sunrisehomes.es\/#\/schema\/logo\/image\/\"}}]}<\/script>\n<!-- \/ Yoast SEO plugin. -->","yoast_head_json":{"title":"Av\u00eds legal - Sunrise Homes","robots":{"index":"index","follow":"follow","max-snippet":"max-snippet:-1","max-image-preview":"max-image-preview:large","max-video-preview":"max-video-preview:-1"},"canonical":"https:\/\/sunrisehomes.es\/index.php\/avis-legal\/","og_locale":"es_ES","og_type":"article","og_title":"Av\u00eds legal - Sunrise Homes","og_description":"Av\u00eds legal i termes d&#8217;\u00fas En aquest espai, l&#8217;USUARI, podr\u00e0 trobar tota la informaci\u00f3 relativa als termes i condicions legals que defineixen les relacions entre els usuaris i nosaltres com a responsables d&#8217;aquesta web. Com a usuari, \u00e9s important que coneguis aquests termes abans de continuar la teva navegaci\u00f3. Marc Lacroix i Ivan David Lacroix.Como, [&hellip;]","og_url":"https:\/\/sunrisehomes.es\/index.php\/avis-legal\/?lang=ca","og_site_name":"Sunrise Homes","article_modified_time":"2020-09-13T09:21:13+00:00","twitter_card":"summary_large_image","twitter_misc":{"Tiempo de lectura":"8 minutos"},"schema":{"@context":"https:\/\/schema.org","@graph":[{"@type":"WebPage","@id":"https:\/\/sunrisehomes.es\/index.php\/avis-legal\/?lang=ca","url":"https:\/\/sunrisehomes.es\/index.php\/avis-legal\/?lang=ca","name":"Av\u00eds legal - Sunrise Homes","isPartOf":{"@id":"https:\/\/sunrisehomes.es\/#website"},"datePublished":"2020-09-12T09:38:45+00:00","dateModified":"2020-09-13T09:21:13+00:00","breadcrumb":{"@id":"https:\/\/sunrisehomes.es\/index.php\/avis-legal\/?lang=ca#breadcrumb"},"inLanguage":"es","potentialAction":[{"@type":"ReadAction","target":["https:\/\/sunrisehomes.es\/index.php\/avis-legal\/?lang=ca"]}]},{"@type":"BreadcrumbList","@id":"https:\/\/sunrisehomes.es\/index.php\/avis-legal\/?lang=ca#breadcrumb","itemListElement":[{"@type":"ListItem","position":1,"name":"Portada","item":"https:\/\/sunrisehomes.es\/"},{"@type":"ListItem","position":2,"name":"Av\u00eds legal"}]},{"@type":"WebSite","@id":"https:\/\/sunrisehomes.es\/#website","url":"https:\/\/sunrisehomes.es\/","name":"Sunrise Homes","description":"Casas y apartamentos turisticos cerca de barcelona y la costa daurada","publisher":{"@id":"https:\/\/sunrisehomes.es\/#organization"},"potentialAction":[{"@type":"SearchAction","target":{"@type":"EntryPoint","urlTemplate":"https:\/\/sunrisehomes.es\/?s={search_term_string}"},"query-input":{"@type":"PropertyValueSpecification","valueRequired":true,"valueName":"search_term_string"}}],"inLanguage":"es"},{"@type":"Organization","@id":"https:\/\/sunrisehomes.es\/#organization","name":"Sunrise Homes","url":"https:\/\/sunrisehomes.es\/","logo":{"@type":"ImageObject","inLanguage":"es","@id":"https:\/\/sunrisehomes.es\/#\/schema\/logo\/image\/","url":"https:\/\/sunrisehomes.es\/wp-content\/uploads\/2020\/10\/Logo_sunrise-homes-02-3.png","contentUrl":"https:\/\/sunrisehomes.es\/wp-content\/uploads\/2020\/10\/Logo_sunrise-homes-02-3.png","width":1851,"height":363,"caption":"Sunrise Homes"},"image":{"@id":"https:\/\/sunrisehomes.es\/#\/schema\/logo\/image\/"}}]}},"_links":{"self":[{"href":"https:\/\/sunrisehomes.es\/index.php\/wp-json\/wp\/v2\/pages\/41","targetHints":{"allow":["GET"]}}],"collection":[{"href":"https:\/\/sunrisehomes.es\/index.php\/wp-json\/wp\/v2\/pages"}],"about":[{"href":"https:\/\/sunrisehomes.es\/index.php\/wp-json\/wp\/v2\/types\/page"}],"author":[{"embeddable":true,"href":"https:\/\/sunrisehomes.es\/index.php\/wp-json\/wp\/v2\/users\/2"}],"replies":[{"embeddable":true,"href":"https:\/\/sunrisehomes.es\/index.php\/wp-json\/wp\/v2\/comments?post=41"}],"version-history":[{"count":3,"href":"https:\/\/sunrisehomes.es\/index.php\/wp-json\/wp\/v2\/pages\/41\/revisions"}],"predecessor-version":[{"id":77,"href":"https:\/\/sunrisehomes.es\/index.php\/wp-json\/wp\/v2\/pages\/41\/revisions\/77"}],"wp:attachment":[{"href":"https:\/\/sunrisehomes.es\/index.php\/wp-json\/wp\/v2\/media?parent=41"}],"curies":[{"name":"wp","href":"https:\/\/api.w.org\/{rel}","templated":true}]}}