{"id":46,"date":"2020-09-12T10:15:23","date_gmt":"2020-09-12T10:15:23","guid":{"rendered":"https:\/\/sunrisehomes.es\/?page_id=46"},"modified":"2020-09-13T09:34:50","modified_gmt":"2020-09-13T09:34:50","slug":"politica-de-cookies","status":"publish","type":"page","link":"https:\/\/sunrisehomes.es\/index.php\/politica-de-cookies\/","title":{"rendered":"Pol\u00edtica de cookies"},"content":{"rendered":"\n<p>En esta web se utilizan cookies de terceros y propias para conseguir que tengas una mejor experiencia de navegaci\u00f3n, puedas compartir contenido en redes sociales y para que podamos obtener estad\u00edsticas de los usuarios.<br><br>Puedes evitar la descarga de cookies a trav\u00e9s de la configuraci\u00f3n de tu navegador, evitando que las cookies se almacenen en su dispositivo.<br><br>Como propietario de este sitio web, te comunico que no utilizamos ninguna informaci\u00f3n personal procedente de cookies, tan s\u00f3lo realizamos estad\u00edsticas generales de visitas que no suponen ninguna informaci\u00f3n personal.<br><br>Es muy importante que leas la presente pol\u00edtica de cookies y comprendas que, si contin\u00faas navegando, consideraremos que aceptas su uso.<br><br>Seg\u00fan los t\u00e9rminos incluidos en el art\u00edculo 22.2 de la Ley 34\/2002 de Servicios de la Sociedad de la Informaci\u00f3n y Comercio Electr\u00f3nico, si contin\u00faas navegando, estar\u00e1s prestando tu consentimiento para el empleo de los referidos mecanismos.<\/p>\n\n\n\n<h3 class=\"wp-block-heading\">Entidad Responsable<\/h3>\n\n\n\n<p>La entidad responsable de la recogida, procesamiento y utilizaci\u00f3n de tus datos personales, en el sentido establecido por la Ley de Protecci\u00f3n de Datos Personales es la p\u00e1gina https:\/\/sunrisehomes.es, propiedad de Marc e Ivan Lacroix \u2013 Bahia Palace I C\/Gregal,2 bjs A \u2013 Miami Platja (Mont Roig del Camp).<\/p>\n\n\n\n<h3 class=\"wp-block-heading\">\u00bfQu\u00e9 son las cookies?<\/h3>\n\n\n\n<p>Las cookies son un conjunto de datos que un servidor deposita en el navegador del usuario para recoger la informaci\u00f3n de registro est\u00e1ndar de Internet y la informaci\u00f3n del comportamiento de los visitantes en un sitio web. Es decir, se trata de peque\u00f1os archivos de texto que quedan almacenados en el disco duro del ordenador y que sirven para identificar al usuario cuando se conecta nuevamente al sitio web. Su objetivo es registrar la visita del usuario y guardar cierta informaci\u00f3n. Su uso es com\u00fan y frecuente en la web ya que permite a las p\u00e1ginas funcionar de manera m\u00e1s eficiente y conseguir una mayor personalizaci\u00f3n y an\u00e1lisis sobre el comportamiento del usuario.<\/p>\n\n\n\n<h3 class=\"wp-block-heading\">\u00bfQu\u00e9 tipos de cookies existen?<\/h3>\n\n\n\n<p>Las cookies utilizadas en nuestro sitio web, son de sesi\u00f3n y de terceros, y nos permiten almacenar y acceder a informaci\u00f3n relativa al idioma, el tipo de navegador utilizado, y otras caracter\u00edsticas generales predefinidas por el usuario, as\u00ed como, seguir y analizar la actividad que lleva a cabo, con el objeto de introducir mejoras y prestar nuestros servicios de una manera m\u00e1s eficiente y personalizada.<\/p>\n\n\n\n<p>Las cookies, en funci\u00f3n de su permanencia, pueden dividirse en cookies de sesi\u00f3n o permanentes. Las que expiran cuando el usuario cierra el navegador. Las que expiran en funci\u00f3n de cuando se cumpla el objetivo para el que sirven (por ejemplo, para que el usuario se mantenga identificado en los servicios de ivan) o bien cuando se borran manualmente.<\/p>\n\n\n\n<figure class=\"wp-block-table\"><table><tbody><tr><td>Nom<\/td><td>Tipus<\/td><td>Caducitat<\/td><td>Finalitat<\/td><td>Clase<\/td><\/tr><tr><td>__utma<\/td><td>De Tercers (Google Analytics)<\/td><td>2 a\u00f1os<\/td><td>Se usa para distinguir usuarios y sesiones.<\/td><td>No Exenta<\/td><\/tr><tr><td>__utmb<\/td><td>De Tercers (Google Analytics)<\/td><td>30 minutos<\/td><td>Se usa para determinar nuevas sesiones o visitas<\/td><td>No Exenta<\/td><\/tr><tr><td>__utmc<\/td><td>De Tercers (Google Analytics)<\/td><td>Al finalizar la sesi\u00f3n<\/td><td>Se configura para su uso con Urchin<\/td><td>No Exenta<\/td><\/tr><tr><td>__utmz<\/td><td>De Tercers (Google Analytics)<\/td><td>6 meses<\/td><td>Almacena el origen o la campa\u00f1a que explica c\u00f3mo el usuario ha llegado hasta la p\u00e1gina web<\/td><td>No Exenta<\/td><\/tr><tr><td>Facebook Pixel<\/td><td>De Terceros (Facebook Pixel)<\/td><td>1 mes<\/td><td>Comparte datos de les cookies de origen a Sunrise Homes con Facebook<\/td><td>No Exenta<\/td><\/tr><\/tbody><\/table><\/figure>\n\n\n\n<p>Adicionalmente, en funci\u00f3n de su objetivo, las cookies pueden clasificar la siguiente forma:<\/p>\n\n\n\n<h2 class=\"wp-block-heading\">Cookies de rendimiento<\/h2>\n\n\n\n<p>Este tipo de cookies recupera sus preferencias para las Herramienta que se encuentran en los servicios, ya que no tiene ning\u00fan valor que configurar\u00e1 el servicio cada vez que visita. Un modo de ejemplo, en esta tipolog\u00eda incluye: Ajustes de volumen de reproductores de v\u00eddeo o sonido. Las velocidades de transmisi\u00f3n de v\u00eddeo que se pueden compatibilizar con su navegador. Los objetos guardados en el \u00abcarro de la compra\u00bb a los servicios de cuentos de comercio electr\u00f3nico como amigos.<\/p>\n\n\n\n<h2 class=\"wp-block-heading\">Cookies de geo-ubicaci\u00f3n<\/h2>\n\n\n\n<p>Estas cookies son utilizadas para tener seguridad en el pa\u00eds que se encuentra cuando se solicita un servicio. Esta cookie es totalmente an\u00f3nima, y \u200b\u200bs\u00f3lo se puede utilizar para ayudar a orientar el contenido a su ubicaci\u00f3n.<\/p>\n\n\n\n<h2 class=\"wp-block-heading\">Cookies de registro<\/h2>\n\n\n\n<p>Las cookies se graban y se generan una vez que el usuario se ha registrado o posteriormente ha abierto su sesi\u00f3n, y se utiliza para identificarse en los servicios con los siguientes objetivos:<\/p>\n\n\n\n<p>Mantenga un usuario identificado de forma que, en un servicio, el navegador o la inform\u00e1tica y en otro momento en el que otro d\u00eda pueda entrar en un servicio, seguir identificado, facilitando as\u00ed su navegaci\u00f3n sin tener en cuenta que volver a identificarse. Esta funcionalidad puede suponerse y utilizar el uso de la funcionalidad [sesi\u00f3n de ceremonia], de forma que esta cookie se puede eliminar y la pr\u00f3xima vez que se haga en el servicio que lo utiliza tendr\u00e1 que iniciar la sesi\u00f3n para ser identificada .<\/p>\n\n\n\n<p>Comprobar si el usuario est\u00e1 autorizado para acceder a servicios abiertos, por ejemplo, para participar en un concurso.<\/p>\n\n\n\n<p>Adicionalmente, algunos servicios pueden utilizar conexiones y redise\u00f1ar cuentos sociales como Facebook o Twitter. Cuando el usuario se registre en un servicio con credenciales de una roja social, se autorice a la red social guardando una cookie persistente que recupere su identidad y se garantice el acceso a los servicios hasta su expiraci\u00f3n. El usuario puede obtener esta cookie y revocar el acceso a los servicios mediante redise\u00f1o social actualizando sus preferencias en rojo y social espec\u00edfico.<\/p>\n\n\n\n<h2 class=\"wp-block-heading\">Cookies de anal\u00edtica<\/h2>\n\n\n\n<p>Cada vez que un usuario visita un servicio, una Herramienta de un proveedor externo externo genera una cookie anal\u00edtica en su ordenador del usuario. Esta cookie que s\u00f3lo se genera en la visita, sirve en futuras visitas a los servicios de identificaci\u00f3n para identificar de forma an\u00f3nima al visitante. Los objetivos principales que persiguen un hijo:<\/p>\n\n\n\n<p>Permite la identificaci\u00f3n an\u00f3nima de los usuarios navegantes a trav\u00e9s de la galleta (identificadores de navegadores y dispositivos, sin personas) y tanto por la controlaci\u00f3 aproximada del n\u00famero de visitantes como para su tendencia en el tiempo.<br>Identifique forma an\u00f3nima de los contenidos m\u00e1s visitados y por lo tanto m\u00e1s atractivos para los usuarios Saber y el usuario que est\u00e1 accediendo a un nuevo o repite la visita.<\/p>\n\n\n\n<p>Importante: Salvo que el usuario decide registrarse en un servicio de adelantar, la cookie nunca se asocia a ninguna fecha de car\u00e1cter personal que pueda identificarse. Las cookies que se pueden utilizar pueden utilizar con prop\u00f3sitos estad\u00edsticos que ayuden a optimizar la experiencia de los usuarios al sitio.<\/p>\n\n\n\n<h2 class=\"wp-block-heading\">Cookies de publicidad<\/h2>\n\n\n\n<p>Este tipo de cookies permite ampliar la informaci\u00f3n de los anuncios mostrados a cada usuario an\u00f3nimo sobre los servicios de Ivan. Entre otros, se almacenar\u00e1 la duraci\u00f3n o frecuencia de visualizaci\u00f3n de posiciones publicitarias, la interacci\u00f3n con las m\u00edsmo, o los patrones de navegaci\u00f3n y \/ o comportamientos del usuario ya que pueden ayudar a conformar un perfil de inter\u00e9s p\u00fablico. Este estilo, permitir publicidad a los intereses del usuario.<\/p>\n\n\n\n<h2 class=\"wp-block-heading\">Cookies publicitarias de terceros<\/h2>\n\n\n\n<p>Adem\u00e1s de la gesti\u00f3n publicitaria de las webs de ivan y de sus servicios, las webs de ivanisme que ofrecen a sus anunciantes la opci\u00f3n de utilizar anuncios a trav\u00e9s de terceros ( \u00abServidores de anuncios\u00bb). Este estilo, estos terceros pueden almacenar cookies enviadas desde los servicios de inventarios procedentes de los navegadores de los usuarios, de forma que se accede a los datos que se guardan.<\/p>\n\n\n\n<p>Las empresas que generan son galletas tienen sus pol\u00edticas de privacidad. En la actualidad, las webs de Ivan utilizan la plataforma Doubleclick (Google) para gestionar estos servicios. Para m\u00e1s informaci\u00f3n, acuda a<\/p>\n\n\n\n<p><a href=\"http:\/\/www.google.es\/policies\/privacy\/ads\/#toc-doubleclick\" target=\"_blank\" rel=\"noreferrer noopener\">http:\/\/www.google.es\/policies\/privacy\/ads\/#toc-doubleclick<\/a> y un <a href=\"http:\/\/www.google.es\/policies\/privacy\/ads\/\" target=\"_blank\" rel=\"noreferrer noopener\">http:\/\/www.google.es\/policies\/privacy\/ads\/<\/a>.<\/p>\n\n\n\n<p>Como se puede deshabilitar las cookies en mi navegador?<br>Se pueden configurar los diferentes navegadores para avisar al usuario de la recepci\u00f3n de cookies y, si se quiere, se impide su instalaci\u00f3n en el equipo. Asimisme, el usuario puede revisar su navegador por lo que las cookies tiene instaladas y es el plan de caducidad de las m\u00edsmo, pudiendo eliminarlas.<\/p>\n\n\n\n<p>Para ampliar esta informaci\u00f3n consulte las instrucciones y manuales de su navegador:<\/p>\n\n\n\n<p>Para m\u00e1s informaci\u00f3n sobre la administraci\u00f3n de las cookies en Google Chrome: <a rel=\"noreferrer noopener\" href=\"https:\/\/support.google.com\/chrome\/answer\/95647\" target=\"_blank\">https:\/\/support.google.com\/chrome\/answer\/95647<\/a><\/p>\n","protected":false},"excerpt":{"rendered":"<p>En esta web se utilizan cookies de terceros y propias para conseguir que tengas una mejor experiencia de navegaci\u00f3n, puedas compartir contenido en redes sociales y para que podamos obtener estad\u00edsticas de los usuarios. Puedes evitar la descarga de cookies a trav\u00e9s de la configuraci\u00f3n de tu navegador, evitando que las cookies se almacenen en [&hellip;]<\/p>\n","protected":false},"author":2,"featured_media":0,"parent":0,"menu_order":0,"comment_status":"closed","ping_status":"closed","template":"","meta":{"site-sidebar-layout":"default","site-content-layout":"default","ast-site-content-layout":"default","site-content-style":"default","site-sidebar-style":"default","ast-global-header-display":"","ast-banner-title-visibility":"","ast-main-header-display":"","ast-hfb-above-header-display":"","ast-hfb-below-header-display":"","ast-hfb-mobile-header-display":"","site-post-title":"","ast-breadcrumbs-content":"","ast-featured-img":"","footer-sml-layout":"","theme-transparent-header-meta":"default","adv-header-id-meta":"","stick-header-meta":"","header-above-stick-meta":"","header-main-stick-meta":"","header-below-stick-meta":"","astra-migrate-meta-layouts":"default","ast-page-background-enabled":"default","ast-page-background-meta":{"desktop":{"background-color":"","background-image":"","background-repeat":"repeat","background-position":"center center","background-size":"auto","background-attachment":"scroll","background-type":"","background-media":"","overlay-type":"","overlay-color":"","overlay-opacity":"","overlay-gradient":""},"tablet":{"background-color":"","background-image":"","background-repeat":"repeat","background-position":"center center","background-size":"auto","background-attachment":"scroll","background-type":"","background-media":"","overlay-type":"","overlay-color":"","overlay-opacity":"","overlay-gradient":""},"mobile":{"background-color":"","background-image":"","background-repeat":"repeat","background-position":"center center","background-size":"auto","background-attachment":"scroll","background-type":"","background-media":"","overlay-type":"","overlay-color":"","overlay-opacity":"","overlay-gradient":""}},"ast-content-background-meta":{"desktop":{"background-color":"var(--ast-global-color-5)","background-image":"","background-repeat":"repeat","background-position":"center center","background-size":"auto","background-attachment":"scroll","background-type":"","background-media":"","overlay-type":"","overlay-color":"","overlay-opacity":"","overlay-gradient":""},"tablet":{"background-color":"var(--ast-global-color-5)","background-image":"","background-repeat":"repeat","background-position":"center center","background-size":"auto","background-attachment":"scroll","background-type":"","background-media":"","overlay-type":"","overlay-color":"","overlay-opacity":"","overlay-gradient":""},"mobile":{"background-color":"var(--ast-global-color-5)","background-image":"","background-repeat":"repeat","background-position":"center center","background-size":"auto","background-attachment":"scroll","background-type":"","background-media":"","overlay-type":"","overlay-color":"","overlay-opacity":"","overlay-gradient":""}},"_joinchat":[],"footnotes":""},"class_list":["post-46","page","type-page","status-publish","hentry"],"yoast_head":"<!-- This site is optimized with the Yoast SEO plugin v26.1.1 - https:\/\/yoast.com\/wordpress\/plugins\/seo\/ -->\n<title>Pol\u00edtica de cookies - Sunrise Homes<\/title>\n<meta name=\"robots\" content=\"index, follow, max-snippet:-1, max-image-preview:large, max-video-preview:-1\" \/>\n<link rel=\"canonical\" href=\"https:\/\/sunrisehomes.es\/index.php\/politica-de-cookies\/\" \/>\n<meta property=\"og:locale\" content=\"es_ES\" \/>\n<meta property=\"og:type\" content=\"article\" \/>\n<meta property=\"og:title\" content=\"Pol\u00edtica de cookies - Sunrise Homes\" \/>\n<meta property=\"og:description\" content=\"En esta web se utilizan cookies de terceros y propias para conseguir que tengas una mejor experiencia de navegaci\u00f3n, puedas compartir contenido en redes sociales y para que podamos obtener estad\u00edsticas de los usuarios. Puedes evitar la descarga de cookies a trav\u00e9s de la configuraci\u00f3n de tu navegador, evitando que las cookies se almacenen en [&hellip;]\" \/>\n<meta property=\"og:url\" content=\"https:\/\/sunrisehomes.es\/index.php\/politica-de-cookies\/\" \/>\n<meta property=\"og:site_name\" content=\"Sunrise Homes\" \/>\n<meta property=\"article:modified_time\" content=\"2020-09-13T09:34:50+00:00\" \/>\n<meta name=\"twitter:card\" content=\"summary_large_image\" \/>\n<meta name=\"twitter:label1\" content=\"Tiempo de lectura\" \/>\n\t<meta name=\"twitter:data1\" content=\"7 minutos\" \/>\n<script type=\"application\/ld+json\" class=\"yoast-schema-graph\">{\"@context\":\"https:\/\/schema.org\",\"@graph\":[{\"@type\":\"WebPage\",\"@id\":\"https:\/\/sunrisehomes.es\/index.php\/politica-de-cookies\/\",\"url\":\"https:\/\/sunrisehomes.es\/index.php\/politica-de-cookies\/\",\"name\":\"Pol\u00edtica de cookies - Sunrise Homes\",\"isPartOf\":{\"@id\":\"https:\/\/sunrisehomes.es\/#website\"},\"datePublished\":\"2020-09-12T10:15:23+00:00\",\"dateModified\":\"2020-09-13T09:34:50+00:00\",\"breadcrumb\":{\"@id\":\"https:\/\/sunrisehomes.es\/index.php\/politica-de-cookies\/#breadcrumb\"},\"inLanguage\":\"es\",\"potentialAction\":[{\"@type\":\"ReadAction\",\"target\":[\"https:\/\/sunrisehomes.es\/index.php\/politica-de-cookies\/\"]}]},{\"@type\":\"BreadcrumbList\",\"@id\":\"https:\/\/sunrisehomes.es\/index.php\/politica-de-cookies\/#breadcrumb\",\"itemListElement\":[{\"@type\":\"ListItem\",\"position\":1,\"name\":\"Portada\",\"item\":\"https:\/\/sunrisehomes.es\/\"},{\"@type\":\"ListItem\",\"position\":2,\"name\":\"Pol\u00edtica de cookies\"}]},{\"@type\":\"WebSite\",\"@id\":\"https:\/\/sunrisehomes.es\/#website\",\"url\":\"https:\/\/sunrisehomes.es\/\",\"name\":\"Sunrise Homes\",\"description\":\"Casas y apartamentos turisticos cerca de barcelona y la costa daurada\",\"publisher\":{\"@id\":\"https:\/\/sunrisehomes.es\/#organization\"},\"potentialAction\":[{\"@type\":\"SearchAction\",\"target\":{\"@type\":\"EntryPoint\",\"urlTemplate\":\"https:\/\/sunrisehomes.es\/?s={search_term_string}\"},\"query-input\":{\"@type\":\"PropertyValueSpecification\",\"valueRequired\":true,\"valueName\":\"search_term_string\"}}],\"inLanguage\":\"es\"},{\"@type\":\"Organization\",\"@id\":\"https:\/\/sunrisehomes.es\/#organization\",\"name\":\"Sunrise Homes\",\"url\":\"https:\/\/sunrisehomes.es\/\",\"logo\":{\"@type\":\"ImageObject\",\"inLanguage\":\"es\",\"@id\":\"https:\/\/sunrisehomes.es\/#\/schema\/logo\/image\/\",\"url\":\"https:\/\/sunrisehomes.es\/wp-content\/uploads\/2020\/10\/Logo_sunrise-homes-02-3.png\",\"contentUrl\":\"https:\/\/sunrisehomes.es\/wp-content\/uploads\/2020\/10\/Logo_sunrise-homes-02-3.png\",\"width\":1851,\"height\":363,\"caption\":\"Sunrise Homes\"},\"image\":{\"@id\":\"https:\/\/sunrisehomes.es\/#\/schema\/logo\/image\/\"}}]}<\/script>\n<!-- \/ Yoast SEO plugin. -->","yoast_head_json":{"title":"Pol\u00edtica de cookies - Sunrise Homes","robots":{"index":"index","follow":"follow","max-snippet":"max-snippet:-1","max-image-preview":"max-image-preview:large","max-video-preview":"max-video-preview:-1"},"canonical":"https:\/\/sunrisehomes.es\/index.php\/politica-de-cookies\/","og_locale":"es_ES","og_type":"article","og_title":"Pol\u00edtica de cookies - Sunrise Homes","og_description":"En esta web se utilizan cookies de terceros y propias para conseguir que tengas una mejor experiencia de navegaci\u00f3n, puedas compartir contenido en redes sociales y para que podamos obtener estad\u00edsticas de los usuarios. Puedes evitar la descarga de cookies a trav\u00e9s de la configuraci\u00f3n de tu navegador, evitando que las cookies se almacenen en [&hellip;]","og_url":"https:\/\/sunrisehomes.es\/index.php\/politica-de-cookies\/","og_site_name":"Sunrise Homes","article_modified_time":"2020-09-13T09:34:50+00:00","twitter_card":"summary_large_image","twitter_misc":{"Tiempo de lectura":"7 minutos"},"schema":{"@context":"https:\/\/schema.org","@graph":[{"@type":"WebPage","@id":"https:\/\/sunrisehomes.es\/index.php\/politica-de-cookies\/","url":"https:\/\/sunrisehomes.es\/index.php\/politica-de-cookies\/","name":"Pol\u00edtica de cookies - Sunrise Homes","isPartOf":{"@id":"https:\/\/sunrisehomes.es\/#website"},"datePublished":"2020-09-12T10:15:23+00:00","dateModified":"2020-09-13T09:34:50+00:00","breadcrumb":{"@id":"https:\/\/sunrisehomes.es\/index.php\/politica-de-cookies\/#breadcrumb"},"inLanguage":"es","potentialAction":[{"@type":"ReadAction","target":["https:\/\/sunrisehomes.es\/index.php\/politica-de-cookies\/"]}]},{"@type":"BreadcrumbList","@id":"https:\/\/sunrisehomes.es\/index.php\/politica-de-cookies\/#breadcrumb","itemListElement":[{"@type":"ListItem","position":1,"name":"Portada","item":"https:\/\/sunrisehomes.es\/"},{"@type":"ListItem","position":2,"name":"Pol\u00edtica de cookies"}]},{"@type":"WebSite","@id":"https:\/\/sunrisehomes.es\/#website","url":"https:\/\/sunrisehomes.es\/","name":"Sunrise Homes","description":"Casas y apartamentos turisticos cerca de barcelona y la costa daurada","publisher":{"@id":"https:\/\/sunrisehomes.es\/#organization"},"potentialAction":[{"@type":"SearchAction","target":{"@type":"EntryPoint","urlTemplate":"https:\/\/sunrisehomes.es\/?s={search_term_string}"},"query-input":{"@type":"PropertyValueSpecification","valueRequired":true,"valueName":"search_term_string"}}],"inLanguage":"es"},{"@type":"Organization","@id":"https:\/\/sunrisehomes.es\/#organization","name":"Sunrise Homes","url":"https:\/\/sunrisehomes.es\/","logo":{"@type":"ImageObject","inLanguage":"es","@id":"https:\/\/sunrisehomes.es\/#\/schema\/logo\/image\/","url":"https:\/\/sunrisehomes.es\/wp-content\/uploads\/2020\/10\/Logo_sunrise-homes-02-3.png","contentUrl":"https:\/\/sunrisehomes.es\/wp-content\/uploads\/2020\/10\/Logo_sunrise-homes-02-3.png","width":1851,"height":363,"caption":"Sunrise Homes"},"image":{"@id":"https:\/\/sunrisehomes.es\/#\/schema\/logo\/image\/"}}]}},"_links":{"self":[{"href":"https:\/\/sunrisehomes.es\/index.php\/wp-json\/wp\/v2\/pages\/46","targetHints":{"allow":["GET"]}}],"collection":[{"href":"https:\/\/sunrisehomes.es\/index.php\/wp-json\/wp\/v2\/pages"}],"about":[{"href":"https:\/\/sunrisehomes.es\/index.php\/wp-json\/wp\/v2\/types\/page"}],"author":[{"embeddable":true,"href":"https:\/\/sunrisehomes.es\/index.php\/wp-json\/wp\/v2\/users\/2"}],"replies":[{"embeddable":true,"href":"https:\/\/sunrisehomes.es\/index.php\/wp-json\/wp\/v2\/comments?post=46"}],"version-history":[{"count":4,"href":"https:\/\/sunrisehomes.es\/index.php\/wp-json\/wp\/v2\/pages\/46\/revisions"}],"predecessor-version":[{"id":83,"href":"https:\/\/sunrisehomes.es\/index.php\/wp-json\/wp\/v2\/pages\/46\/revisions\/83"}],"wp:attachment":[{"href":"https:\/\/sunrisehomes.es\/index.php\/wp-json\/wp\/v2\/media?parent=46"}],"curies":[{"name":"wp","href":"https:\/\/api.w.org\/{rel}","templated":true}]}}