{"id":49,"date":"2020-09-12T10:22:12","date_gmt":"2020-09-12T10:22:12","guid":{"rendered":"https:\/\/sunrisehomes.es\/index.php\/politica-de-cookies\/"},"modified":"2020-09-13T09:21:30","modified_gmt":"2020-09-13T09:21:30","slug":"politica-de-galetes","status":"publish","type":"page","link":"https:\/\/sunrisehomes.es\/index.php\/politica-de-galetes\/?lang=ca","title":{"rendered":"Pol\u00edtica de cookies"},"content":{"rendered":"\n<p>En aquest web s&#8217;utilitzen galetes de tercers i pr\u00f2pies per aconseguir que tinguis una millor experi\u00e8ncia de navegaci\u00f3, puguis compartir contingut en xarxes socials i perqu\u00e8 puguem obtenir estad\u00edstiques dels usuaris.<\/p>\n\n\n\n<p>Pots evitar la desc\u00e0rrega de cookies mitjan\u00e7ant la configuraci\u00f3 del teu navegador, evitant que les galetes s&#8217;emmagatzemin al dispositiu.<\/p>\n\n\n\n<p>Com a propietari d&#8217;aquest lloc web, et comunico que no utilitzem cap informaci\u00f3 personal procedent de cookies, tan sols vam realitzar estad\u00edstiques generals de visites que no suposen cap informaci\u00f3 personal.<\/p>\n\n\n\n<p>\u00c9s molt important que llegeixis la present pol\u00edtica de cookies i entenguis que, si continues navegant, considerarem que acceptes el seu \u00fas.<\/p>\n\n\n\n<p>Segons els termes inclosos en l&#8217;article 22.2 de la Llei 34\/2002 de Serveis de la Societat de la Informaci\u00f3 i Comer\u00e7 Electr\u00f2nic, si continues navegant, estar\u00e0s donant el teu consentiment per a l&#8217;ocupaci\u00f3 dels referits mecanismes.<\/p>\n\n\n\n<h2 class=\"wp-block-heading\">Entitat Responsable<\/h2>\n\n\n\n<p>L&#8217;entitat responsable de la recollida, processament i utilitzaci\u00f3 de les teves dades personals, en el sentit que estableix la Llei de Protecci\u00f3 de Dades Personals \u00e9s la p\u00e0gina https:\/\/sunrisehomes.es, propietat de Ivan David Lacroix i Marc Lacroix- Bahia Palace IC \/ Gregal, 2 bxs A &#8211; Miami Platja (Mont Roig de Camp).<\/p>\n\n\n\n<h2 class=\"wp-block-heading\">Qu\u00e8 s\u00f3n les galetes?<\/h2>\n\n\n\n<p>Les galetes s\u00f3n un conjunt de dades que un servidor diposita en el navegador d&#8217;l&#8217;usuari per recollir la informaci\u00f3 de registre est\u00e0ndard d&#8217;Internet i la informaci\u00f3 de l&#8217;comportament dels visitants en un lloc web. \u00c9s a dir, es tracta de petits arxius de text que queden emmagatzemats al disc dur de l&#8217;ordinador i que serveixen per identificar l&#8217;usuari quan es connecta novament a el lloc web. El seu objectiu \u00e9s registrar la visita de l&#8217;usuari i guardar certa informaci\u00f3. El seu \u00fas \u00e9s com\u00fa i freq\u00fcent a la web ja que permet a les p\u00e0gines funcionar de manera m\u00e9s eficient i aconseguir una major personalitzaci\u00f3 i an\u00e0lisi sobre el comportament de l&#8217;usuari.<\/p>\n\n\n\n<h2 class=\"wp-block-heading\">Quins tipus de galetes hi ha?<\/h2>\n\n\n\n<p>Les galetes utilitzades al nostre lloc web, s\u00f3n de sessi\u00f3 i de tercers, i ens permeten emmagatzemar i accedir a informaci\u00f3 relativa a l&#8217;idioma, el tipus de navegador utilitzat, i altres caracter\u00edstiques generals predefinides per l&#8217;usuari, aix\u00ed com, seguir i analitzar l&#8217;activitat que porta a terme, amb l&#8217;objecte d&#8217;introduir millores i prestar els nostres serveis d&#8217;una manera m\u00e9s eficient i personalitzada.<\/p>\n\n\n\n<p>Les galetes, en funci\u00f3 de la seva perman\u00e8ncia, poden dividir-se en galetes de sessi\u00f3 o permanents. Les que expiren quan l&#8217;usuari tanca el navegador. Les que expiren en funci\u00f3 de quan es compleixi l&#8217;objectiu per al qual serveixen (per exemple, perqu\u00e8 l&#8217;usuari es mantingui identificat en els serveis de Ivan y Marc Lacroix) o b\u00e9 quan s&#8217;esborren manualment.<\/p>\n\n\n\n<figure class=\"wp-block-table\"><table><tbody><tr><td>Nom<\/td><td>Tipus<\/td><td>Caducitat<\/td><td>Finalitat<\/td><td>Clase<\/td><\/tr><tr><td>__utma<\/td><td>De Tercers (Google Analytics)<\/td><td>2 a\u00f1os<\/td><td>Se usa para distinguir usuarios y sesiones.<\/td><td>No Exenta<\/td><\/tr><tr><td>__utmb<\/td><td>De Tercers (Google Analytics)<\/td><td>30 minutos<\/td><td>Se usa para determinar nuevas sesiones o visitas<\/td><td>No Exenta<\/td><\/tr><tr><td>__utmc<\/td><td>De Tercers (Google Analytics)<\/td><td>Al finalizar la sesi\u00f3n<\/td><td>Se configura para su uso con Urchin<\/td><td>No Exenta<\/td><\/tr><tr><td>__utmz<\/td><td>De Tercers (Google Analytics)<\/td><td>6 meses<\/td><td>Almacena el origen o la campa\u00f1a que explica c\u00f3mo el usuario ha llegado hasta la p\u00e1gina web<\/td><td>No Exenta<\/td><\/tr><tr><td>Facebook Pixel<\/td><td>De Tercers (Facebook Pixel)<\/td><td>1 mes<\/td><td>Comparteix dades de les cookies d\u2019origen a Sunrise Homes amb Facebook<\/td><td>No Exenta<\/td><\/tr><\/tbody><\/table><\/figure>\n\n\n\n<p>Adicionalment, en Funci\u00f3 de l&#8217;su Objectiu, els cookies podin classificar la seg\u00fcent forma:<\/p>\n\n\n\n<h2 class=\"wp-block-heading\">Galetes de Rendiment<\/h2>\n\n\n\n<p>AQUEST tipo de cookies recupera els Seves prefer\u00e8ncies per a les herramientes que \u00e9s troben a els serveis, ha que no te cap valor que configurar\u00e0 el Servei cada vegada que visiteu. Un mode d&#8217;Exemple, en AQUESTA tipologia s&#8217;inclou: Ajustaments de volum de reproductors de v\u00eddeo o s\u00f3n. Les velocitats de Transmissi\u00f3 de v\u00eddeo que \u00e9s podin compatibilitzar amb el su navegador. Els Objectes guardats en el \u00abcarrit de la compra\u00bb als serveis de contes de comer\u00e7 electr\u00f2nic com a amics.<\/p>\n\n\n\n<h2 class=\"wp-block-heading\">Galetes de geo-Ubicaci\u00f3<\/h2>\n\n\n\n<p>Aquestes galetes s\u00f3n utilitzades per a Tenir seguridad al pa\u00eds que \u00e9s Troba Quan \u00e9s SOL\u00b7LICITA 1 Servei. AQUESTA galeta \u00e9s totalment an\u00f2nima, i Nom\u00e9s \u00e9s olla utilitzar per Ajudar a orientar el contingut a su Ubicaci\u00f3.<\/p>\n\n\n\n<h2 class=\"wp-block-heading\">Galetes de registre<\/h2>\n\n\n\n<p>Les galetes s&#8217;enregistren i \u00e9s generin El sol \u00b7 licitant que l &#8216;usuari s&#8217;a registrat o Posteriorment ha obert su Sessi\u00f3, i s&#8217;utilitza per identificar-se a els serveis con los Seg\u00fcents Objectius:<\/p>\n\n\n\n<p>Manteniu 1 usuari Identificat de manera que, si \u00e9s un SERVEI, el navegador o l&#8217;inform\u00e0tica i en un Altre Moment en qu\u00e8 un Altre dia Pugui entrar en un Servei, seguir Identificat, facilitant AIX\u00cd su navegaci\u00f3 sense TENIR EN COMPTE que tornar a identificar-se. AQUESTA funcionalitat olla suposar-se i utilitzar l&#8217;\u00das de la funcionalitat [Sessi\u00f3 de cerim\u00f2nia], de manera que AQUESTA galeta \u00e9s olla eliminar i la FOTOS DE vegada que \u00e9s faci al Servei que l&#8217;utilitza tindr\u00e0 d&#8217;iniciar la Sessi\u00f3 per identificar .<\/p>\n\n\n\n<p>Comprobar si l\u2019usuari est\u00e0 autoritzat per accedir a serveis oberts, per exemple, per participar en un concurs.<\/p>\n\n\n\n<p>Adicionalment, alguns serveis poden utilitzar connexions i redissenyar contes socials com Facebook o Twitter. Quan l\u2019usuari es registri en un servei amb credencials d\u2019una vermella social, s\u2019autoritzi a la red social guardant una cookie persistent que recuperi la seva identitat i es garanteixi l\u2019acc\u00e9s als serveis fins a la seva expiraci\u00f3. L\u2019usuari pot obtenir aquesta cookie i revocar l\u2019acc\u00e9s als serveis mitjan\u00e7ant redisseny social actualitzant les seves preferencies en vermell i social espec\u00edfic.<\/p>\n\n\n\n<h2 class=\"wp-block-heading\">Cookies d\u2019anal\u00edtica<\/h2>\n\n\n\n<p>Cada vegada que un usuari visita un servei, una herramienta d\u2019un prove\u00efdor extern extern genera una cookie anal\u00edtica en el seu ordinador de l\u2019usuari. Aquesta cookie que nom\u00e9s es genera en la visita, serveix en properes visites als serveis d\u2019identificaci\u00f3 per a identificar-los de forma an\u00f2nima al visitant. Els objectius principals que persegueixen un fill:<\/p>\n\n\n\n<p>Permet la identificaci\u00f3 an\u00f2nima dels usuaris navegants a trav\u00e9s de la galeta (identificadors de navegadors i dispositius, sense persones) i tant per la controlaci\u00f3 aproximada del nombre de visitants com per a la seva tend\u00e8ncia en el temps.<br>Identifiqueu forma an\u00f2nima dels continguts m\u00e9s visitats i per tant m\u00e9s atractius per als usuaris Saber i l\u2019usuari que est\u00e0 accedint a un nou o repeteix la visita.<\/p>\n\n\n\n<p>Important: Salvo que l\u2019usuari decid\u00eds registrar-se en un servei d\u2019van\u00e7, la galeta mai s\u2019associa a cap data de car\u00e0cter personal que pugui identificar-se. Les cookies que es poden utilitzar poden utilitzar amb prop\u00f2sits estad\u00edstics que ajudin a optimitzar l\u2019experi\u00e8ncia dels usuaris al lloc.<\/p>\n\n\n\n<h2 class=\"wp-block-heading\">Cookies de publicitat<\/h2>\n\n\n\n<p>Aquest tipus de cookies permet ampliar la informaci\u00f3 dels anuncis mostrats a cada usuari an\u00f2nim sobre els serveis d&#8217;Ivan y Marc. Entre d\u2019altres, s\u2019emmagatzemar\u00e0 la durada o freq\u00fc\u00e8ncia de visualitzaci\u00f3 de posicions publicit\u00e0ries, la interacci\u00f3 amb les mismes, o els patrons de navegaci\u00f3 i \/ o comportaments de l\u2019usuari ja que poden ajudar a conformar un perfil d\u2019inter\u00e8s p\u00fablic. Aquest estil, permetre publicitat als interessos de l\u2019usuari.<\/p>\n\n\n\n<h2 class=\"wp-block-heading\">Cookies publicit\u00e0ries de tercers<\/h2>\n\n\n\n<p>A m\u00e9s de la gesti\u00f3 publicit\u00e0ria de les webs d&#8217;Ivan y Marc i dels seus serveis, les webs d&#8217;Ivan y Marc que ofereixen als seus anunciants l\u2019opci\u00f3 d\u2019utilitzar anuncis a trav\u00e9s de tercers (\u201cServidors d\u2019anuncis\u201d). Aquest estil, aquests tercers poden emmagatzemar cookies enviades des dels serveis d\u2019inventaris procedents dels navegadors d\u2019usuaris, de manera que s\u2019accedeix a les dades que es guarden.<\/p>\n\n\n\n<p>Les empreses que generen s\u00f3n galetes tenen les seves pol\u00edtiques de privacitat. En l\u2019actualitat, les webs d&#8217;Ivan i Marc utilitzen la plataforma Doubleclick (Google) per gestionar aquests serveis. Per a m\u00e9s informaci\u00f3, acuda a<\/p>\n\n\n\n<p><a href=\"http:\/\/www.google.es\/policies\/privacy\/ads\/#toc-doubleclick\" target=\"_blank\" rel=\"noreferrer noopener\">http:\/\/www.google.es\/policies\/privacy\/ads\/#toc-doubleclick<\/a>&nbsp;i un<a href=\"http:\/\/www.google.es\/policies\/privacy\/ads\/\" target=\"_blank\" rel=\"noreferrer noopener\">&nbsp;http:\/\/www.google.es\/policies\/privacy\/ads\/.<\/a><\/p>\n\n\n\n<h2 class=\"wp-block-heading\">Com es pot deshabilitar les cookies en el meu navegador?<\/h2>\n\n\n\n<p>Es poden configurar els diferents navegadors per avisar a l\u2019usuari de la recepci\u00f3 de cookies i, si es vol, s\u2019impedeix la seva instal\u00b7laci\u00f3 en l\u2019equip. Asimisme, l\u2019usuari pot revisar el seu navegador pel que les cookies t\u00e9 instal\u00b7lades i \u00e9s el pla de caducitat de les mismes, podent eliminar-les.<\/p>\n\n\n\n<p>Per ampliar aquesta informaci\u00f3 consulteu les instruccions i manuals del seu navegador:<\/p>\n\n\n\n<p>Per a m\u00e9s informaci\u00f3 sobre l\u2019administraci\u00f3 de les cookies a Google Chrome:&nbsp;<a href=\"https:\/\/support.google.com\/chrome\/answer\/95647\" target=\"_blank\" rel=\"noreferrer noopener\">https:\/\/support.google.com\/chrome\/answer\/95647<\/a><\/p>\n","protected":false},"excerpt":{"rendered":"<p>En aquest web s&#8217;utilitzen galetes de tercers i pr\u00f2pies per aconseguir que tinguis una millor experi\u00e8ncia de navegaci\u00f3, puguis compartir contingut en xarxes socials i perqu\u00e8 puguem obtenir estad\u00edstiques dels usuaris. Pots evitar la desc\u00e0rrega de cookies mitjan\u00e7ant la configuraci\u00f3 del teu navegador, evitant que les galetes s&#8217;emmagatzemin al dispositiu. Com a propietari d&#8217;aquest lloc [&hellip;]<\/p>\n","protected":false},"author":2,"featured_media":0,"parent":0,"menu_order":0,"comment_status":"closed","ping_status":"closed","template":"","meta":{"site-sidebar-layout":"default","site-content-layout":"default","ast-site-content-layout":"default","site-content-style":"default","site-sidebar-style":"default","ast-global-header-display":"","ast-banner-title-visibility":"","ast-main-header-display":"","ast-hfb-above-header-display":"","ast-hfb-below-header-display":"","ast-hfb-mobile-header-display":"","site-post-title":"","ast-breadcrumbs-content":"","ast-featured-img":"","footer-sml-layout":"","theme-transparent-header-meta":"default","adv-header-id-meta":"","stick-header-meta":"","header-above-stick-meta":"","header-main-stick-meta":"","header-below-stick-meta":"","astra-migrate-meta-layouts":"default","ast-page-background-enabled":"default","ast-page-background-meta":{"desktop":{"background-color":"","background-image":"","background-repeat":"repeat","background-position":"center center","background-size":"auto","background-attachment":"scroll","background-type":"","background-media":"","overlay-type":"","overlay-color":"","overlay-opacity":"","overlay-gradient":""},"tablet":{"background-color":"","background-image":"","background-repeat":"repeat","background-position":"center center","background-size":"auto","background-attachment":"scroll","background-type":"","background-media":"","overlay-type":"","overlay-color":"","overlay-opacity":"","overlay-gradient":""},"mobile":{"background-color":"","background-image":"","background-repeat":"repeat","background-position":"center center","background-size":"auto","background-attachment":"scroll","background-type":"","background-media":"","overlay-type":"","overlay-color":"","overlay-opacity":"","overlay-gradient":""}},"ast-content-background-meta":{"desktop":{"background-color":"var(--ast-global-color-5)","background-image":"","background-repeat":"repeat","background-position":"center center","background-size":"auto","background-attachment":"scroll","background-type":"","background-media":"","overlay-type":"","overlay-color":"","overlay-opacity":"","overlay-gradient":""},"tablet":{"background-color":"var(--ast-global-color-5)","background-image":"","background-repeat":"repeat","background-position":"center center","background-size":"auto","background-attachment":"scroll","background-type":"","background-media":"","overlay-type":"","overlay-color":"","overlay-opacity":"","overlay-gradient":""},"mobile":{"background-color":"var(--ast-global-color-5)","background-image":"","background-repeat":"repeat","background-position":"center center","background-size":"auto","background-attachment":"scroll","background-type":"","background-media":"","overlay-type":"","overlay-color":"","overlay-opacity":"","overlay-gradient":""}},"_joinchat":[],"footnotes":""},"class_list":["post-49","page","type-page","status-publish","hentry"],"yoast_head":"<!-- This site is optimized with the Yoast SEO plugin v26.1.1 - https:\/\/yoast.com\/wordpress\/plugins\/seo\/ -->\n<title>Pol\u00edtica de cookies - Sunrise Homes<\/title>\n<meta name=\"robots\" content=\"index, follow, max-snippet:-1, max-image-preview:large, max-video-preview:-1\" \/>\n<link rel=\"canonical\" href=\"https:\/\/sunrisehomes.es\/index.php\/politica-de-galetes\/\" \/>\n<meta property=\"og:locale\" content=\"es_ES\" \/>\n<meta property=\"og:type\" content=\"article\" \/>\n<meta property=\"og:title\" content=\"Pol\u00edtica de cookies - Sunrise Homes\" \/>\n<meta property=\"og:description\" content=\"En aquest web s&#8217;utilitzen galetes de tercers i pr\u00f2pies per aconseguir que tinguis una millor experi\u00e8ncia de navegaci\u00f3, puguis compartir contingut en xarxes socials i perqu\u00e8 puguem obtenir estad\u00edstiques dels usuaris. Pots evitar la desc\u00e0rrega de cookies mitjan\u00e7ant la configuraci\u00f3 del teu navegador, evitant que les galetes s&#8217;emmagatzemin al dispositiu. Com a propietari d&#8217;aquest lloc [&hellip;]\" \/>\n<meta property=\"og:url\" content=\"https:\/\/sunrisehomes.es\/index.php\/politica-de-galetes\/?lang=ca\" \/>\n<meta property=\"og:site_name\" content=\"Sunrise Homes\" \/>\n<meta property=\"article:modified_time\" content=\"2020-09-13T09:21:30+00:00\" \/>\n<meta name=\"twitter:card\" content=\"summary_large_image\" \/>\n<meta name=\"twitter:label1\" content=\"Tiempo de lectura\" \/>\n\t<meta name=\"twitter:data1\" content=\"7 minutos\" \/>\n<script type=\"application\/ld+json\" class=\"yoast-schema-graph\">{\"@context\":\"https:\/\/schema.org\",\"@graph\":[{\"@type\":\"WebPage\",\"@id\":\"https:\/\/sunrisehomes.es\/index.php\/politica-de-galetes\/?lang=ca\",\"url\":\"https:\/\/sunrisehomes.es\/index.php\/politica-de-galetes\/?lang=ca\",\"name\":\"Pol\u00edtica de cookies - Sunrise Homes\",\"isPartOf\":{\"@id\":\"https:\/\/sunrisehomes.es\/#website\"},\"datePublished\":\"2020-09-12T10:22:12+00:00\",\"dateModified\":\"2020-09-13T09:21:30+00:00\",\"breadcrumb\":{\"@id\":\"https:\/\/sunrisehomes.es\/index.php\/politica-de-galetes\/?lang=ca#breadcrumb\"},\"inLanguage\":\"es\",\"potentialAction\":[{\"@type\":\"ReadAction\",\"target\":[\"https:\/\/sunrisehomes.es\/index.php\/politica-de-galetes\/?lang=ca\"]}]},{\"@type\":\"BreadcrumbList\",\"@id\":\"https:\/\/sunrisehomes.es\/index.php\/politica-de-galetes\/?lang=ca#breadcrumb\",\"itemListElement\":[{\"@type\":\"ListItem\",\"position\":1,\"name\":\"Portada\",\"item\":\"https:\/\/sunrisehomes.es\/\"},{\"@type\":\"ListItem\",\"position\":2,\"name\":\"Pol\u00edtica de cookies\"}]},{\"@type\":\"WebSite\",\"@id\":\"https:\/\/sunrisehomes.es\/#website\",\"url\":\"https:\/\/sunrisehomes.es\/\",\"name\":\"Sunrise Homes\",\"description\":\"Casas y apartamentos turisticos cerca de barcelona y la costa daurada\",\"publisher\":{\"@id\":\"https:\/\/sunrisehomes.es\/#organization\"},\"potentialAction\":[{\"@type\":\"SearchAction\",\"target\":{\"@type\":\"EntryPoint\",\"urlTemplate\":\"https:\/\/sunrisehomes.es\/?s={search_term_string}\"},\"query-input\":{\"@type\":\"PropertyValueSpecification\",\"valueRequired\":true,\"valueName\":\"search_term_string\"}}],\"inLanguage\":\"es\"},{\"@type\":\"Organization\",\"@id\":\"https:\/\/sunrisehomes.es\/#organization\",\"name\":\"Sunrise Homes\",\"url\":\"https:\/\/sunrisehomes.es\/\",\"logo\":{\"@type\":\"ImageObject\",\"inLanguage\":\"es\",\"@id\":\"https:\/\/sunrisehomes.es\/#\/schema\/logo\/image\/\",\"url\":\"https:\/\/sunrisehomes.es\/wp-content\/uploads\/2020\/10\/Logo_sunrise-homes-02-3.png\",\"contentUrl\":\"https:\/\/sunrisehomes.es\/wp-content\/uploads\/2020\/10\/Logo_sunrise-homes-02-3.png\",\"width\":1851,\"height\":363,\"caption\":\"Sunrise Homes\"},\"image\":{\"@id\":\"https:\/\/sunrisehomes.es\/#\/schema\/logo\/image\/\"}}]}<\/script>\n<!-- \/ Yoast SEO plugin. -->","yoast_head_json":{"title":"Pol\u00edtica de cookies - Sunrise Homes","robots":{"index":"index","follow":"follow","max-snippet":"max-snippet:-1","max-image-preview":"max-image-preview:large","max-video-preview":"max-video-preview:-1"},"canonical":"https:\/\/sunrisehomes.es\/index.php\/politica-de-galetes\/","og_locale":"es_ES","og_type":"article","og_title":"Pol\u00edtica de cookies - Sunrise Homes","og_description":"En aquest web s&#8217;utilitzen galetes de tercers i pr\u00f2pies per aconseguir que tinguis una millor experi\u00e8ncia de navegaci\u00f3, puguis compartir contingut en xarxes socials i perqu\u00e8 puguem obtenir estad\u00edstiques dels usuaris. Pots evitar la desc\u00e0rrega de cookies mitjan\u00e7ant la configuraci\u00f3 del teu navegador, evitant que les galetes s&#8217;emmagatzemin al dispositiu. Com a propietari d&#8217;aquest lloc [&hellip;]","og_url":"https:\/\/sunrisehomes.es\/index.php\/politica-de-galetes\/?lang=ca","og_site_name":"Sunrise Homes","article_modified_time":"2020-09-13T09:21:30+00:00","twitter_card":"summary_large_image","twitter_misc":{"Tiempo de lectura":"7 minutos"},"schema":{"@context":"https:\/\/schema.org","@graph":[{"@type":"WebPage","@id":"https:\/\/sunrisehomes.es\/index.php\/politica-de-galetes\/?lang=ca","url":"https:\/\/sunrisehomes.es\/index.php\/politica-de-galetes\/?lang=ca","name":"Pol\u00edtica de cookies - Sunrise Homes","isPartOf":{"@id":"https:\/\/sunrisehomes.es\/#website"},"datePublished":"2020-09-12T10:22:12+00:00","dateModified":"2020-09-13T09:21:30+00:00","breadcrumb":{"@id":"https:\/\/sunrisehomes.es\/index.php\/politica-de-galetes\/?lang=ca#breadcrumb"},"inLanguage":"es","potentialAction":[{"@type":"ReadAction","target":["https:\/\/sunrisehomes.es\/index.php\/politica-de-galetes\/?lang=ca"]}]},{"@type":"BreadcrumbList","@id":"https:\/\/sunrisehomes.es\/index.php\/politica-de-galetes\/?lang=ca#breadcrumb","itemListElement":[{"@type":"ListItem","position":1,"name":"Portada","item":"https:\/\/sunrisehomes.es\/"},{"@type":"ListItem","position":2,"name":"Pol\u00edtica de cookies"}]},{"@type":"WebSite","@id":"https:\/\/sunrisehomes.es\/#website","url":"https:\/\/sunrisehomes.es\/","name":"Sunrise Homes","description":"Casas y apartamentos turisticos cerca de barcelona y la costa daurada","publisher":{"@id":"https:\/\/sunrisehomes.es\/#organization"},"potentialAction":[{"@type":"SearchAction","target":{"@type":"EntryPoint","urlTemplate":"https:\/\/sunrisehomes.es\/?s={search_term_string}"},"query-input":{"@type":"PropertyValueSpecification","valueRequired":true,"valueName":"search_term_string"}}],"inLanguage":"es"},{"@type":"Organization","@id":"https:\/\/sunrisehomes.es\/#organization","name":"Sunrise Homes","url":"https:\/\/sunrisehomes.es\/","logo":{"@type":"ImageObject","inLanguage":"es","@id":"https:\/\/sunrisehomes.es\/#\/schema\/logo\/image\/","url":"https:\/\/sunrisehomes.es\/wp-content\/uploads\/2020\/10\/Logo_sunrise-homes-02-3.png","contentUrl":"https:\/\/sunrisehomes.es\/wp-content\/uploads\/2020\/10\/Logo_sunrise-homes-02-3.png","width":1851,"height":363,"caption":"Sunrise Homes"},"image":{"@id":"https:\/\/sunrisehomes.es\/#\/schema\/logo\/image\/"}}]}},"_links":{"self":[{"href":"https:\/\/sunrisehomes.es\/index.php\/wp-json\/wp\/v2\/pages\/49","targetHints":{"allow":["GET"]}}],"collection":[{"href":"https:\/\/sunrisehomes.es\/index.php\/wp-json\/wp\/v2\/pages"}],"about":[{"href":"https:\/\/sunrisehomes.es\/index.php\/wp-json\/wp\/v2\/types\/page"}],"author":[{"embeddable":true,"href":"https:\/\/sunrisehomes.es\/index.php\/wp-json\/wp\/v2\/users\/2"}],"replies":[{"embeddable":true,"href":"https:\/\/sunrisehomes.es\/index.php\/wp-json\/wp\/v2\/comments?post=49"}],"version-history":[{"count":4,"href":"https:\/\/sunrisehomes.es\/index.php\/wp-json\/wp\/v2\/pages\/49\/revisions"}],"predecessor-version":[{"id":56,"href":"https:\/\/sunrisehomes.es\/index.php\/wp-json\/wp\/v2\/pages\/49\/revisions\/56"}],"wp:attachment":[{"href":"https:\/\/sunrisehomes.es\/index.php\/wp-json\/wp\/v2\/media?parent=49"}],"curies":[{"name":"wp","href":"https:\/\/api.w.org\/{rel}","templated":true}]}}